{"id":708,"date":"2024-12-13T11:45:36","date_gmt":"2024-12-13T14:45:36","guid":{"rendered":"https:\/\/emporiosuplementospoa.com.br\/?post_type=product&#038;p=708"},"modified":"2024-12-13T11:45:36","modified_gmt":"2024-12-13T14:45:36","slug":"colageno-verisol-200g-body-action","status":"publish","type":"product","link":"https:\/\/emporiosuplementospoa.com.br\/?product=colageno-verisol-200g-body-action","title":{"rendered":"Col\u00e1geno Verisol 200g Body Action"},"content":{"rendered":"<div class=\"rows align-middle categoriaTextoImg-box\">\n<div class=\"columns small-12 medium-6 medium-order-1 flex-container flex-dir-column align-center\">\n<h2 class=\"categoria-infos-tituloPrincipal\">Col\u00e1geno VERISOL\u00ae<\/h2>\n<p>O col\u00e1geno \u00e9 uma das prote\u00ednas mais importantes do corpo humano, \u00e9 um componente natural, respons\u00e1vel por dar firmeza \u00e0 pele e corresponde a aproximadamente 80% do peso seco deste \u00f3rg\u00e3o. Durante o processo natural de envelhecimento, em associa\u00e7\u00e3o com outros fatores ambientais e nutricionais, a derme, principal camada de atua\u00e7\u00e3o do VERISOL\u00ae, sofre com a perda de umidade e fica mais seca. Por conta disto, ela fica mais fina, a liga\u00e7\u00e3o do tecido conjuntivo perde sua firmeza e elasticidade, e as rugas aparecem. VERISOL\u00ae \u00e9 produzido a partir de mat\u00e9rias-primas porcinas, bovinas ou marinhas.<\/p>\n<p>O VERISOL\u00ae \u00e9 composto por Pept\u00eddeos Bioativos de Col\u00e1geno especialmente desenvolvidos para a manuten\u00e7\u00e3o da sa\u00fade da pele, suavizando a forma\u00e7\u00e3o de rugas e contribuindo para um aumento da elasticidade e da firmeza deste importante \u00f3rg\u00e3o.<\/p>\n<\/div>\n<\/div>\n<h3>Ingredientes:<\/h3>\n<p>Col\u00e1geno Hidrolisado, Pept\u00eddeos Bioativo de Col\u00e1geno Hidrolisado com peso molecular m\u00e9dia 2kDa\u00ae, \u00c1cido Hialur\u00f4nico (Hialuronato de S\u00f3dio), Coenzima Q10, Sil\u00edcio (Cloreto de Colina), Vitamina C (\u00c1cido Asc\u00f3rbico), Vitamina E (DL Alfa Acetato de Tocoferol), Zinco (Sulfato de Zinco Monohidratado), Vitamina A (Acetato de Retinol), Biotina (D-Biotina), Sel\u00eanio (Selenito de S\u00f3dio), Antiumectante Di\u00f3xido de Sil\u00edcio, Aroma id\u00eantico ao Natural de Abacaxi com Hortel\u00e3, Acidulante \u00c1cido C\u00edtrico, Edulcorante Glicos\u00eddeo Stevi\u00f3l (St\u00e9via rebaudiana).<strong>\u00a0N\u00c3O CONT\u00c9M GL\u00daTEN. AL\u00c9RGICOS: PODE CONTER DERIVADO DO LEITE*.<\/strong>\u00a0*Produzido em equipamento onde se processam estes alimentos, contudo, a\u00e7\u00f5es preventivas de limpeza s\u00e3o adotadas para evitar essa ocorr\u00eancia.<\/p>\n<hr \/>\n<h3>Modo de Preparo:<\/h3>\n<p>Sugere-se diluir 10g (aproximadamente 2 scoops) em 200mL (1 copo) de \u00e1gua ou bebida de sua prefer\u00eancia e mexa at\u00e9 completa dissolu\u00e7\u00e3o. Pode ser consumido quente ou frio. N\u00e3o utilize \u00e1gua fervendo.<\/p>\n<hr \/>\n<h3>Sugest\u00e3o de uso:<\/h3>\n<p>Consumir 1 (uma) por\u00e7\u00e3o 1(uma) vez ao dia. PRODUTO INDICADO PARA MAIORES DE 19 ANOS.<\/p>\n","protected":false},"excerpt":{"rendered":"<p>Col\u00e1geno VERISOL\u00ae O col\u00e1geno \u00e9 uma das prote\u00ednas mais importantes do corpo humano, \u00e9 um componente natural, respons\u00e1vel por dar [&hellip;]<\/p>\n","protected":false},"featured_media":709,"template":"","meta":{"site-sidebar-layout":"default","site-content-layout":"","ast-site-content-layout":"default","site-content-style":"default","site-sidebar-style":"default","ast-global-header-display":"","ast-banner-title-visibility":"","ast-main-header-display":"","ast-hfb-above-header-display":"","ast-hfb-below-header-display":"","ast-hfb-mobile-header-display":"","site-post-title":"","ast-breadcrumbs-content":"","ast-featured-img":"","footer-sml-layout":"","theme-transparent-header-meta":"default","adv-header-id-meta":"","stick-header-meta":"","header-above-stick-meta":"","header-main-stick-meta":"","header-below-stick-meta":"","astra-migrate-meta-layouts":"set","ast-page-background-enabled":"default","ast-page-background-meta":{"desktop":{"background-color":"var(--ast-global-color-4)","background-image":"","background-repeat":"repeat","background-position":"center center","background-size":"auto","background-attachment":"scroll","background-type":"","background-media":"","overlay-type":"","overlay-color":"","overlay-opacity":"","overlay-gradient":""},"tablet":{"background-color":"","background-image":"","background-repeat":"repeat","background-position":"center center","background-size":"auto","background-attachment":"scroll","background-type":"","background-media":"","overlay-type":"","overlay-color":"","overlay-opacity":"","overlay-gradient":""},"mobile":{"background-color":"","background-image":"","background-repeat":"repeat","background-position":"center center","background-size":"auto","background-attachment":"scroll","background-type":"","background-media":"","overlay-type":"","overlay-color":"","overlay-opacity":"","overlay-gradient":""}},"ast-content-background-meta":{"desktop":{"background-color":"var(--ast-global-color-5)","background-image":"","background-repeat":"repeat","background-position":"center center","background-size":"auto","background-attachment":"scroll","background-type":"","background-media":"","overlay-type":"","overlay-color":"","overlay-opacity":"","overlay-gradient":""},"tablet":{"background-color":"var(--ast-global-color-5)","background-image":"","background-repeat":"repeat","background-position":"center center","background-size":"auto","background-attachment":"scroll","background-type":"","background-media":"","overlay-type":"","overlay-color":"","overlay-opacity":"","overlay-gradient":""},"mobile":{"background-color":"var(--ast-global-color-5)","background-image":"","background-repeat":"repeat","background-position":"center center","background-size":"auto","background-attachment":"scroll","background-type":"","background-media":"","overlay-type":"","overlay-color":"","overlay-opacity":"","overlay-gradient":""}},"_joinchat":[]},"product_cat":[78],"product_tag":[],"class_list":{"0":"post-708","1":"product","2":"type-product","3":"status-publish","4":"has-post-thumbnail","6":"product_cat-colageno","7":"desktop-align-left","8":"tablet-align-left","9":"mobile-align-left","11":"first","12":"instock","13":"shipping-taxable","14":"purchasable","15":"product-type-simple"},"_links":{"self":[{"href":"https:\/\/emporiosuplementospoa.com.br\/index.php?rest_route=\/wp\/v2\/product\/708","targetHints":{"allow":["GET"]}}],"collection":[{"href":"https:\/\/emporiosuplementospoa.com.br\/index.php?rest_route=\/wp\/v2\/product"}],"about":[{"href":"https:\/\/emporiosuplementospoa.com.br\/index.php?rest_route=\/wp\/v2\/types\/product"}],"wp:featuredmedia":[{"embeddable":true,"href":"https:\/\/emporiosuplementospoa.com.br\/index.php?rest_route=\/wp\/v2\/media\/709"}],"wp:attachment":[{"href":"https:\/\/emporiosuplementospoa.com.br\/index.php?rest_route=%2Fwp%2Fv2%2Fmedia&parent=708"}],"wp:term":[{"taxonomy":"product_cat","embeddable":true,"href":"https:\/\/emporiosuplementospoa.com.br\/index.php?rest_route=%2Fwp%2Fv2%2Fproduct_cat&post=708"},{"taxonomy":"product_tag","embeddable":true,"href":"https:\/\/emporiosuplementospoa.com.br\/index.php?rest_route=%2Fwp%2Fv2%2Fproduct_tag&post=708"}],"curies":[{"name":"wp","href":"https:\/\/api.w.org\/{rel}","templated":true}]}}