{"id":669,"date":"2024-12-10T11:26:13","date_gmt":"2024-12-10T14:26:13","guid":{"rendered":"https:\/\/emporiosuplementospoa.com.br\/?post_type=product&#038;p=669"},"modified":"2024-12-15T11:57:42","modified_gmt":"2024-12-15T14:57:42","slug":"x-carnitine-480ml-under-labz","status":"publish","type":"product","link":"https:\/\/emporiosuplementospoa.com.br\/?product=x-carnitine-480ml-under-labz","title":{"rendered":"X Carnitine 480ml Under Labz"},"content":{"rendered":"<h2 class=\"h6 product-about__accordion-title active\">Benef\u00edcios<\/h2>\n<div class=\"product-about__more-link-wrapper\">\n<div class=\"product-about__more-link\"><\/div>\n<\/div>\n<div class=\"product-about__accordion-description product-about__accordion-content\">\n<div class=\"metafield-rich_text_field\">\n<p>\u2192 Importante para a produ\u00e7\u00e3o de energia (ATP)<\/p>\n<p>\u2192 Auxilia a queima de gordura corporal<\/p>\n<p>\u2192 Aumenta a performance f\u00edsica<\/p>\n<p>\u2192 Auxilia na redu\u00e7\u00e3o da fadiga<\/p>\n<p>\u2192 Reduz risco de doen\u00e7as cardiovasculares<\/p>\n<\/div>\n<\/div>\n<p><span style=\"font-weight: 400;\">\u00a0<\/span><\/p>\n<p><span style=\"font-weight: 400;\">X-CARNITINE LIQUID \u00e9 um suplemento alimentar que oferece 2000mg\/dose de L-carnitina, combinada com o cromo.\u00a0<\/span><\/p>\n<p><span style=\"font-weight: 400;\">A carnitina \u00e9 um amino\u00e1cido produzido pelo organismo e presente principalmente nos m\u00fasculos. Pode ser encontrada em alguns alimentos (carnes e peixes) e \u00e9 um nutriente muito importante para o metabolismo, pois atua na forma\u00e7\u00e3o de energia (ATP).\u00a0<\/span><\/p>\n<p><span style=\"font-weight: 400;\">O cromo auxilia no metabolismo das prote\u00ednas, carboidratos e gorduras.\u00a0 A suplementa\u00e7\u00e3o com X-Carnitine Liquid, auxilia na oxida\u00e7\u00e3o das gorduras, sendo um importante aliado no processo de emagrecimento, al\u00e9m de retardar a fadiga muscular, auxiliar na melhora da performance f\u00edsica e no desempenho, aumentar a produ\u00e7\u00e3o de energia e outros benef\u00edcios.\u00a0<\/span><\/p>\n<p><span style=\"font-weight: 400;\">Apresentado na forma l\u00edquida, X Carnitine Liquid, tem a\u00e7\u00e3o r\u00e1pida e pode ser consumido cerca de 10 minutos antes dos treinos.<\/span><\/p>\n<h2 class=\"h6 product-about__accordion-title active\">Sugest\u00e3o de Uso<\/h2>\n<div class=\"product-about__more-link-wrapper\">\n<div class=\"product-about__more-link\"><\/div>\n<\/div>\n<div class=\"product-about__accordion-description product-about__accordion-content\">\n<div class=\"metafield-rich_text_field\">\n<p>Agite bem o frasco, remova a tampa e coloque o batoque na boca do frasco. Conecte a seringa, incline o frasco e puxe o l\u00edquido com a seringa at\u00e9 a marca de 10ml. Tomar uma dose 10 minutos antes do treino ou conforme orienta\u00e7\u00e3o profissional.<\/p>\n<\/div>\n<\/div>\n","protected":false},"excerpt":{"rendered":"<p>Benef\u00edcios \u2192 Importante para a produ\u00e7\u00e3o de energia (ATP) \u2192 Auxilia a queima de gordura corporal \u2192 Aumenta a performance [&hellip;]<\/p>\n","protected":false},"featured_media":1118,"template":"","meta":{"site-sidebar-layout":"default","site-content-layout":"","ast-site-content-layout":"default","site-content-style":"default","site-sidebar-style":"default","ast-global-header-display":"","ast-banner-title-visibility":"","ast-main-header-display":"","ast-hfb-above-header-display":"","ast-hfb-below-header-display":"","ast-hfb-mobile-header-display":"","site-post-title":"","ast-breadcrumbs-content":"","ast-featured-img":"","footer-sml-layout":"","theme-transparent-header-meta":"default","adv-header-id-meta":"","stick-header-meta":"","header-above-stick-meta":"","header-main-stick-meta":"","header-below-stick-meta":"","astra-migrate-meta-layouts":"set","ast-page-background-enabled":"default","ast-page-background-meta":{"desktop":{"background-color":"var(--ast-global-color-4)","background-image":"","background-repeat":"repeat","background-position":"center center","background-size":"auto","background-attachment":"scroll","background-type":"","background-media":"","overlay-type":"","overlay-color":"","overlay-opacity":"","overlay-gradient":""},"tablet":{"background-color":"","background-image":"","background-repeat":"repeat","background-position":"center center","background-size":"auto","background-attachment":"scroll","background-type":"","background-media":"","overlay-type":"","overlay-color":"","overlay-opacity":"","overlay-gradient":""},"mobile":{"background-color":"","background-image":"","background-repeat":"repeat","background-position":"center center","background-size":"auto","background-attachment":"scroll","background-type":"","background-media":"","overlay-type":"","overlay-color":"","overlay-opacity":"","overlay-gradient":""}},"ast-content-background-meta":{"desktop":{"background-color":"var(--ast-global-color-5)","background-image":"","background-repeat":"repeat","background-position":"center center","background-size":"auto","background-attachment":"scroll","background-type":"","background-media":"","overlay-type":"","overlay-color":"","overlay-opacity":"","overlay-gradient":""},"tablet":{"background-color":"var(--ast-global-color-5)","background-image":"","background-repeat":"repeat","background-position":"center center","background-size":"auto","background-attachment":"scroll","background-type":"","background-media":"","overlay-type":"","overlay-color":"","overlay-opacity":"","overlay-gradient":""},"mobile":{"background-color":"var(--ast-global-color-5)","background-image":"","background-repeat":"repeat","background-position":"center center","background-size":"auto","background-attachment":"scroll","background-type":"","background-media":"","overlay-type":"","overlay-color":"","overlay-opacity":"","overlay-gradient":""}},"_joinchat":[]},"product_cat":[99,75],"product_tag":[],"class_list":{"0":"post-669","1":"product","2":"type-product","3":"status-publish","4":"has-post-thumbnail","6":"product_cat-emagrecimento","7":"product_cat-l-carnitina","8":"desktop-align-left","9":"tablet-align-left","10":"mobile-align-left","12":"first","13":"instock","14":"shipping-taxable","15":"purchasable","16":"product-type-simple"},"_links":{"self":[{"href":"https:\/\/emporiosuplementospoa.com.br\/index.php?rest_route=\/wp\/v2\/product\/669","targetHints":{"allow":["GET"]}}],"collection":[{"href":"https:\/\/emporiosuplementospoa.com.br\/index.php?rest_route=\/wp\/v2\/product"}],"about":[{"href":"https:\/\/emporiosuplementospoa.com.br\/index.php?rest_route=\/wp\/v2\/types\/product"}],"wp:featuredmedia":[{"embeddable":true,"href":"https:\/\/emporiosuplementospoa.com.br\/index.php?rest_route=\/wp\/v2\/media\/1118"}],"wp:attachment":[{"href":"https:\/\/emporiosuplementospoa.com.br\/index.php?rest_route=%2Fwp%2Fv2%2Fmedia&parent=669"}],"wp:term":[{"taxonomy":"product_cat","embeddable":true,"href":"https:\/\/emporiosuplementospoa.com.br\/index.php?rest_route=%2Fwp%2Fv2%2Fproduct_cat&post=669"},{"taxonomy":"product_tag","embeddable":true,"href":"https:\/\/emporiosuplementospoa.com.br\/index.php?rest_route=%2Fwp%2Fv2%2Fproduct_tag&post=669"}],"curies":[{"name":"wp","href":"https:\/\/api.w.org\/{rel}","templated":true}]}}