{"id":654,"date":"2024-12-10T11:17:22","date_gmt":"2024-12-10T14:17:22","guid":{"rendered":"https:\/\/emporiosuplementospoa.com.br\/?post_type=product&#038;p=654"},"modified":"2024-12-10T13:14:13","modified_gmt":"2024-12-10T16:14:13","slug":"vitamina-d3-k2-mk7-500-30-caps","status":"publish","type":"product","link":"https:\/\/emporiosuplementospoa.com.br\/?product=vitamina-d3-k2-mk7-500-30-caps","title":{"rendered":"Vitamina D3 + K2 (MK7) 500 &#8211; 30 Caps"},"content":{"rendered":"<p>Suplemento Alimentar \u00e0 base de Vitamina D3 (colecalciferol) e Vitamina K2 (menaquinona) em c\u00e1psulas. A vitamina D3 auxilia na forma\u00e7\u00e3o de ossos e dentes, na absor\u00e7\u00e3o de c\u00e1lcio e f\u00f3sforo, no funcionamento do sistema imune, no funcionamento muscular, na manuten\u00e7\u00e3o de n\u00edveis de c\u00e1lcio no sangue e no processo de divis\u00e3o celular. \u00c9 uma vitamina produzida no intestino mas em quantidades insuficientes para suprir suas necessidades, devido a sua baixa biodisponibilidade, podendo ser necess\u00e1ria a utiliza\u00e7\u00e3o de suplementos. A vitamina K2 auxilia na coagula\u00e7\u00e3o do sangue e na manuten\u00e7\u00e3o dos ossos.<\/p>\n<p><strong>COMO TOMAR<\/strong><\/p>\n<p>Sugere-se a ingest\u00e3o de 1 (uma) c\u00e1psula deste produto ao dia, preferencialmente junto das principais refei\u00e7\u00f5es, ou de acordo com orienta\u00e7\u00e3o profissional<\/p>\n","protected":false},"excerpt":{"rendered":"<p>Suplemento Alimentar \u00e0 base de Vitamina D3 (colecalciferol) e Vitamina K2 (menaquinona) em c\u00e1psulas. A vitamina D3 auxilia na forma\u00e7\u00e3o [&hellip;]<\/p>\n","protected":false},"featured_media":655,"template":"","meta":{"site-sidebar-layout":"default","site-content-layout":"","ast-site-content-layout":"default","site-content-style":"default","site-sidebar-style":"default","ast-global-header-display":"","ast-banner-title-visibility":"","ast-main-header-display":"","ast-hfb-above-header-display":"","ast-hfb-below-header-display":"","ast-hfb-mobile-header-display":"","site-post-title":"","ast-breadcrumbs-content":"","ast-featured-img":"","footer-sml-layout":"","theme-transparent-header-meta":"default","adv-header-id-meta":"","stick-header-meta":"","header-above-stick-meta":"","header-main-stick-meta":"","header-below-stick-meta":"","astra-migrate-meta-layouts":"set","ast-page-background-enabled":"default","ast-page-background-meta":{"desktop":{"background-color":"var(--ast-global-color-4)","background-image":"","background-repeat":"repeat","background-position":"center center","background-size":"auto","background-attachment":"scroll","background-type":"","background-media":"","overlay-type":"","overlay-color":"","overlay-opacity":"","overlay-gradient":""},"tablet":{"background-color":"","background-image":"","background-repeat":"repeat","background-position":"center center","background-size":"auto","background-attachment":"scroll","background-type":"","background-media":"","overlay-type":"","overlay-color":"","overlay-opacity":"","overlay-gradient":""},"mobile":{"background-color":"","background-image":"","background-repeat":"repeat","background-position":"center center","background-size":"auto","background-attachment":"scroll","background-type":"","background-media":"","overlay-type":"","overlay-color":"","overlay-opacity":"","overlay-gradient":""}},"ast-content-background-meta":{"desktop":{"background-color":"var(--ast-global-color-5)","background-image":"","background-repeat":"repeat","background-position":"center center","background-size":"auto","background-attachment":"scroll","background-type":"","background-media":"","overlay-type":"","overlay-color":"","overlay-opacity":"","overlay-gradient":""},"tablet":{"background-color":"var(--ast-global-color-5)","background-image":"","background-repeat":"repeat","background-position":"center center","background-size":"auto","background-attachment":"scroll","background-type":"","background-media":"","overlay-type":"","overlay-color":"","overlay-opacity":"","overlay-gradient":""},"mobile":{"background-color":"var(--ast-global-color-5)","background-image":"","background-repeat":"repeat","background-position":"center center","background-size":"auto","background-attachment":"scroll","background-type":"","background-media":"","overlay-type":"","overlay-color":"","overlay-opacity":"","overlay-gradient":""}},"_joinchat":[]},"product_cat":[64],"product_tag":[],"class_list":{"0":"post-654","1":"product","2":"type-product","3":"status-publish","4":"has-post-thumbnail","6":"product_cat-vitaminas-e-minerais","7":"desktop-align-left","8":"tablet-align-left","9":"mobile-align-left","11":"first","12":"instock","13":"shipping-taxable","14":"purchasable","15":"product-type-simple"},"_links":{"self":[{"href":"https:\/\/emporiosuplementospoa.com.br\/index.php?rest_route=\/wp\/v2\/product\/654","targetHints":{"allow":["GET"]}}],"collection":[{"href":"https:\/\/emporiosuplementospoa.com.br\/index.php?rest_route=\/wp\/v2\/product"}],"about":[{"href":"https:\/\/emporiosuplementospoa.com.br\/index.php?rest_route=\/wp\/v2\/types\/product"}],"wp:featuredmedia":[{"embeddable":true,"href":"https:\/\/emporiosuplementospoa.com.br\/index.php?rest_route=\/wp\/v2\/media\/655"}],"wp:attachment":[{"href":"https:\/\/emporiosuplementospoa.com.br\/index.php?rest_route=%2Fwp%2Fv2%2Fmedia&parent=654"}],"wp:term":[{"taxonomy":"product_cat","embeddable":true,"href":"https:\/\/emporiosuplementospoa.com.br\/index.php?rest_route=%2Fwp%2Fv2%2Fproduct_cat&post=654"},{"taxonomy":"product_tag","embeddable":true,"href":"https:\/\/emporiosuplementospoa.com.br\/index.php?rest_route=%2Fwp%2Fv2%2Fproduct_tag&post=654"}],"curies":[{"name":"wp","href":"https:\/\/api.w.org\/{rel}","templated":true}]}}