{"id":648,"date":"2024-12-10T11:14:13","date_gmt":"2024-12-10T14:14:13","guid":{"rendered":"https:\/\/emporiosuplementospoa.com.br\/?post_type=product&#038;p=648"},"modified":"2024-12-14T15:42:07","modified_gmt":"2024-12-14T18:42:07","slug":"thermo-fuel-60-caps-black-skull","status":"publish","type":"product","link":"https:\/\/emporiosuplementospoa.com.br\/?product=thermo-fuel-60-caps-black-skull","title":{"rendered":"Thermo Fuel 60 Caps Black Skull"},"content":{"rendered":"<p>O THERMO FUEL\u2122 \u00e9 um suplemento termog\u00eanico da linha BLACKSKULL USA\u2122 que possui cafe\u00edna, l-canitina, picolinato de cromo e diversos outros ativos em sua formula\u00e7\u00e3o.<\/p>\n<h2>O QUE S\u00c3O TERMOG\u00caNICOS<\/h2>\n<p>Os ativos\u00a0<strong>termog\u00eanicos<\/strong>\u00a0s\u00e3o aqueles capazes de gerar a termog\u00eanese no organismo, ou seja, seu consumo ocasiona a produ\u00e7\u00e3o end\u00f3gena de calor. Normalmente, os suplementos termog\u00eanicos, possuem como principal ingrediente a cafe\u00edna (melhorando a cogni\u00e7\u00e3o, foco e performance), mas tamb\u00e9m podem conter Lcarnitina (papel central na oxida\u00e7\u00e3o de \u00e1cidos graxos e no metabolismo energ\u00e9tico) e at\u00e9 mesmo ch\u00e1 verde, ch\u00e1 preto, hibisco entre outros ingredientes, que al\u00e9m de possu\u00edrem a\u00e7\u00f5es termog\u00eanicas, a\u00e7\u00f5es diur\u00e9ticas e\/ou antioxidantes.<\/p>\n<h2>COMO CONSUMIR SUPLEMENTOS TERMOG\u00caNICOS<\/h2>\n<p>A sugest\u00e3o de uso dos\u00a0<strong>suplementos termog\u00eanicos<\/strong>\u00a0varia de acordo com a sua formula\u00e7\u00e3o e com os objetivos de quem consome. De modo geral, suplementos termog\u00eanicos possuem subst\u00e2ncias estimulantes, portanto ao consumir, \u00e9 preciso tomar algumas precau\u00e7\u00f5es: n\u00e3o ser sens\u00edvel \u00e0 cafe\u00edna, e n\u00e3o a ingerir de noite, pois poder\u00e1 interferir na qualidade sono.<\/p>\n","protected":false},"excerpt":{"rendered":"<p>O THERMO FUEL\u2122 \u00e9 um suplemento termog\u00eanico da linha BLACKSKULL USA\u2122 que possui cafe\u00edna, l-canitina, picolinato de cromo e diversos [&hellip;]<\/p>\n","protected":false},"featured_media":649,"template":"","meta":{"site-sidebar-layout":"default","site-content-layout":"","ast-site-content-layout":"default","site-content-style":"default","site-sidebar-style":"default","ast-global-header-display":"","ast-banner-title-visibility":"","ast-main-header-display":"","ast-hfb-above-header-display":"","ast-hfb-below-header-display":"","ast-hfb-mobile-header-display":"","site-post-title":"","ast-breadcrumbs-content":"","ast-featured-img":"","footer-sml-layout":"","theme-transparent-header-meta":"default","adv-header-id-meta":"","stick-header-meta":"","header-above-stick-meta":"","header-main-stick-meta":"","header-below-stick-meta":"","astra-migrate-meta-layouts":"set","ast-page-background-enabled":"default","ast-page-background-meta":{"desktop":{"background-color":"var(--ast-global-color-4)","background-image":"","background-repeat":"repeat","background-position":"center center","background-size":"auto","background-attachment":"scroll","background-type":"","background-media":"","overlay-type":"","overlay-color":"","overlay-opacity":"","overlay-gradient":""},"tablet":{"background-color":"","background-image":"","background-repeat":"repeat","background-position":"center center","background-size":"auto","background-attachment":"scroll","background-type":"","background-media":"","overlay-type":"","overlay-color":"","overlay-opacity":"","overlay-gradient":""},"mobile":{"background-color":"","background-image":"","background-repeat":"repeat","background-position":"center center","background-size":"auto","background-attachment":"scroll","background-type":"","background-media":"","overlay-type":"","overlay-color":"","overlay-opacity":"","overlay-gradient":""}},"ast-content-background-meta":{"desktop":{"background-color":"var(--ast-global-color-5)","background-image":"","background-repeat":"repeat","background-position":"center center","background-size":"auto","background-attachment":"scroll","background-type":"","background-media":"","overlay-type":"","overlay-color":"","overlay-opacity":"","overlay-gradient":""},"tablet":{"background-color":"var(--ast-global-color-5)","background-image":"","background-repeat":"repeat","background-position":"center center","background-size":"auto","background-attachment":"scroll","background-type":"","background-media":"","overlay-type":"","overlay-color":"","overlay-opacity":"","overlay-gradient":""},"mobile":{"background-color":"var(--ast-global-color-5)","background-image":"","background-repeat":"repeat","background-position":"center center","background-size":"auto","background-attachment":"scroll","background-type":"","background-media":"","overlay-type":"","overlay-color":"","overlay-opacity":"","overlay-gradient":""}},"_joinchat":[]},"product_cat":[99,71],"product_tag":[],"class_list":{"0":"post-648","1":"product","2":"type-product","3":"status-publish","4":"has-post-thumbnail","6":"product_cat-emagrecimento","7":"product_cat-termogenicos","8":"desktop-align-left","9":"tablet-align-left","10":"mobile-align-left","12":"first","13":"instock","14":"shipping-taxable","15":"purchasable","16":"product-type-simple"},"_links":{"self":[{"href":"https:\/\/emporiosuplementospoa.com.br\/index.php?rest_route=\/wp\/v2\/product\/648","targetHints":{"allow":["GET"]}}],"collection":[{"href":"https:\/\/emporiosuplementospoa.com.br\/index.php?rest_route=\/wp\/v2\/product"}],"about":[{"href":"https:\/\/emporiosuplementospoa.com.br\/index.php?rest_route=\/wp\/v2\/types\/product"}],"wp:featuredmedia":[{"embeddable":true,"href":"https:\/\/emporiosuplementospoa.com.br\/index.php?rest_route=\/wp\/v2\/media\/649"}],"wp:attachment":[{"href":"https:\/\/emporiosuplementospoa.com.br\/index.php?rest_route=%2Fwp%2Fv2%2Fmedia&parent=648"}],"wp:term":[{"taxonomy":"product_cat","embeddable":true,"href":"https:\/\/emporiosuplementospoa.com.br\/index.php?rest_route=%2Fwp%2Fv2%2Fproduct_cat&post=648"},{"taxonomy":"product_tag","embeddable":true,"href":"https:\/\/emporiosuplementospoa.com.br\/index.php?rest_route=%2Fwp%2Fv2%2Fproduct_tag&post=648"}],"curies":[{"name":"wp","href":"https:\/\/api.w.org\/{rel}","templated":true}]}}