{"id":646,"date":"2024-12-10T11:13:24","date_gmt":"2024-12-10T14:13:24","guid":{"rendered":"https:\/\/emporiosuplementospoa.com.br\/?post_type=product&#038;p=646"},"modified":"2025-08-06T14:39:01","modified_gmt":"2025-08-06T17:39:01","slug":"thermo-flame-cafeina-60-tabletes-black-skull","status":"publish","type":"product","link":"https:\/\/emporiosuplementospoa.com.br\/?product=thermo-flame-cafeina-60-tabletes-black-skull","title":{"rendered":"Thermo Flame (Cafe\u00edna) 60 Tabletes Black Skull"},"content":{"rendered":"<p>O\u00a0<strong>THERMO FLAME<\/strong>\u00a0entrega 360mg de cafe\u00edna pura por dose, proporcionando mais energia e foco, otimizando os resultados na busca pelo emagrecimento.<\/p>\n<h2>Benef\u00edcios da cafe\u00edna<\/h2>\n<p>Cafe\u00edna \u00e9 um dos compostos qu\u00edmicos mais comumente consumidas no mundo, e uma pesquisa nacional indicou que 89% adultos americanos ingerem cafe\u00edna. Por causa dos efeitos ergog\u00eanicos de\u00a0<strong>cafe\u00edna<\/strong>\u00a0no desempenho do exerc\u00edcio, seu uso tamb\u00e9m \u00e9 muito prevalente entre atletas.<\/p>\n<p>A cafe\u00edna passou a ser utilizado com grande frequ\u00eancia, previamente \u00e0 realiza\u00e7\u00e3o de exerc\u00edcios f\u00edsicos, com o intuito de protelar a fadiga e, consequentemente, aprimorar o desempenho f\u00edsico, sobretudo em atividades de longa dura\u00e7\u00e3o, aumentar o desempenho e o tempo at\u00e9 a exaust\u00e3o. A cafe\u00edna \u00e9 uma metilxantina, ou seja, uma subst\u00e2ncia que tem a\u00e7\u00e3o direta no c\u00e9rebro, e atua bloqueando os receptores da adenosina, um neuromodulador que se acumula no c\u00e9rebro ao longo do dia e provoca cansa\u00e7o e sono. Ao bloquear a adenosina, a cafe\u00edna aumenta a libera\u00e7\u00e3o de neurotransmissores, como adrenalina, noradrenalina, dopamina e serotonina, causando seu efeito estimulante.<\/p>\n<p>Absorvida pelo intestino delgado, levando de 40 minutos a 2 horas para ser absorvida e transportada para todos os tecidos corporais e demora de 3 a 8 horas para a subst\u00e2ncia sair completamente, dependendo da formula\u00e7\u00e3o e dos componentes em conjunto nas capsulas.<\/p>\n","protected":false},"excerpt":{"rendered":"<p>O\u00a0THERMO FLAME\u00a0entrega 360mg de cafe\u00edna pura por dose, proporcionando mais energia e foco, otimizando os resultados na busca pelo emagrecimento. [&hellip;]<\/p>\n","protected":false},"featured_media":647,"template":"","meta":{"site-sidebar-layout":"default","site-content-layout":"","ast-site-content-layout":"default","site-content-style":"default","site-sidebar-style":"default","ast-global-header-display":"","ast-banner-title-visibility":"","ast-main-header-display":"","ast-hfb-above-header-display":"","ast-hfb-below-header-display":"","ast-hfb-mobile-header-display":"","site-post-title":"","ast-breadcrumbs-content":"","ast-featured-img":"","footer-sml-layout":"","theme-transparent-header-meta":"default","adv-header-id-meta":"","stick-header-meta":"","header-above-stick-meta":"","header-main-stick-meta":"","header-below-stick-meta":"","astra-migrate-meta-layouts":"set","ast-page-background-enabled":"default","ast-page-background-meta":{"desktop":{"background-color":"var(--ast-global-color-4)","background-image":"","background-repeat":"repeat","background-position":"center center","background-size":"auto","background-attachment":"scroll","background-type":"","background-media":"","overlay-type":"","overlay-color":"","overlay-opacity":"","overlay-gradient":""},"tablet":{"background-color":"","background-image":"","background-repeat":"repeat","background-position":"center center","background-size":"auto","background-attachment":"scroll","background-type":"","background-media":"","overlay-type":"","overlay-color":"","overlay-opacity":"","overlay-gradient":""},"mobile":{"background-color":"","background-image":"","background-repeat":"repeat","background-position":"center center","background-size":"auto","background-attachment":"scroll","background-type":"","background-media":"","overlay-type":"","overlay-color":"","overlay-opacity":"","overlay-gradient":""}},"ast-content-background-meta":{"desktop":{"background-color":"var(--ast-global-color-5)","background-image":"","background-repeat":"repeat","background-position":"center center","background-size":"auto","background-attachment":"scroll","background-type":"","background-media":"","overlay-type":"","overlay-color":"","overlay-opacity":"","overlay-gradient":""},"tablet":{"background-color":"var(--ast-global-color-5)","background-image":"","background-repeat":"repeat","background-position":"center center","background-size":"auto","background-attachment":"scroll","background-type":"","background-media":"","overlay-type":"","overlay-color":"","overlay-opacity":"","overlay-gradient":""},"mobile":{"background-color":"var(--ast-global-color-5)","background-image":"","background-repeat":"repeat","background-position":"center center","background-size":"auto","background-attachment":"scroll","background-type":"","background-media":"","overlay-type":"","overlay-color":"","overlay-opacity":"","overlay-gradient":""}},"_joinchat":[]},"product_cat":[74,99],"product_tag":[],"class_list":{"0":"post-646","1":"product","2":"type-product","3":"status-publish","4":"has-post-thumbnail","6":"product_cat-cafeinas","7":"product_cat-emagrecimento","8":"desktop-align-left","9":"tablet-align-left","10":"mobile-align-left","12":"first","13":"instock","14":"shipping-taxable","15":"purchasable","16":"product-type-simple"},"_links":{"self":[{"href":"https:\/\/emporiosuplementospoa.com.br\/index.php?rest_route=\/wp\/v2\/product\/646","targetHints":{"allow":["GET"]}}],"collection":[{"href":"https:\/\/emporiosuplementospoa.com.br\/index.php?rest_route=\/wp\/v2\/product"}],"about":[{"href":"https:\/\/emporiosuplementospoa.com.br\/index.php?rest_route=\/wp\/v2\/types\/product"}],"wp:featuredmedia":[{"embeddable":true,"href":"https:\/\/emporiosuplementospoa.com.br\/index.php?rest_route=\/wp\/v2\/media\/647"}],"wp:attachment":[{"href":"https:\/\/emporiosuplementospoa.com.br\/index.php?rest_route=%2Fwp%2Fv2%2Fmedia&parent=646"}],"wp:term":[{"taxonomy":"product_cat","embeddable":true,"href":"https:\/\/emporiosuplementospoa.com.br\/index.php?rest_route=%2Fwp%2Fv2%2Fproduct_cat&post=646"},{"taxonomy":"product_tag","embeddable":true,"href":"https:\/\/emporiosuplementospoa.com.br\/index.php?rest_route=%2Fwp%2Fv2%2Fproduct_tag&post=646"}],"curies":[{"name":"wp","href":"https:\/\/api.w.org\/{rel}","templated":true}]}}