{"id":644,"date":"2024-12-10T11:11:58","date_gmt":"2024-12-10T14:11:58","guid":{"rendered":"https:\/\/emporiosuplementospoa.com.br\/?post_type=product&#038;p=644"},"modified":"2024-12-15T13:04:44","modified_gmt":"2024-12-15T16:04:44","slug":"t-sek-120g-power-suplements","status":"publish","type":"product","link":"https:\/\/emporiosuplementospoa.com.br\/?product=t-sek-120g-power-suplements","title":{"rendered":"T-SEK 120g Power Suplements"},"content":{"rendered":"<p dir=\"ltr\">T-Sek Power Supplements \u00e9 um\u00a0suplemento alimentar\u00a0que auxilia na\u00a0<strong>perda do\u00a0incha\u00e7o\u00a0<\/strong>causada pela reten\u00e7\u00e3o de l\u00edquidos no corpo.<\/p>\n<p dir=\"ltr\">Ele<strong>\u00a0elimina o excesso de \u00e1gua\u00a0<\/strong>e auxilia em muitas outras coisas,\u00a0tudo\u00a0gra\u00e7as \u00e0 sua f\u00f3rmula inovadora\u00a0<strong>com col\u00e1geno<\/strong>. Confira como o produto atua:<\/p>\n<ul dir=\"ltr\">\n<li>Auxilia na defini\u00e7\u00e3o muscular;<\/li>\n<li>Deixa o corpo mais leve;<\/li>\n<li>Ajuda a deixar a pele mais firme;<\/li>\n<li>Diminui o incha\u00e7o abdominal;<\/li>\n<li>Auxilia na perda de peso e medidas.<\/li>\n<\/ul>\n<p dir=\"ltr\">A reten\u00e7\u00e3o de \u00e1gua no corpo pode ser um dos motivos pelo qual voc\u00ea n\u00e3o alcan\u00e7a a defini\u00e7\u00e3o que deseja para os seus m\u00fasculos, sabia?<\/p>\n<p dir=\"ltr\">Portanto, aposte no uso do T-Sek Power Supplements em conjunto com uma dieta balanceada, consulta ao nutricionista e pr\u00e1tica de exerc\u00edcios.<\/p>\n<p dir=\"ltr\">Dispon\u00edvel em embalagem de 120g.<\/p>\n<h2 dir=\"ltr\">Como tomar<\/h2>\n<p dir=\"ltr\">Dissolva 4g de T-Sek Power Supplements em 400mL de \u00e1gua e tome. Pode ser ingerido a qualquer hora do dia. Para melhores resultados, tome entre 1 e 2 litros de \u00e1gua por dia enquanto estiver fazendo uso do suplemento.<\/p>\n","protected":false},"excerpt":{"rendered":"<p>T-Sek Power Supplements \u00e9 um\u00a0suplemento alimentar\u00a0que auxilia na\u00a0perda do\u00a0incha\u00e7o\u00a0causada pela reten\u00e7\u00e3o de l\u00edquidos no corpo. Ele\u00a0elimina o excesso de \u00e1gua\u00a0e [&hellip;]<\/p>\n","protected":false},"featured_media":645,"template":"","meta":{"site-sidebar-layout":"default","site-content-layout":"","ast-site-content-layout":"default","site-content-style":"default","site-sidebar-style":"default","ast-global-header-display":"","ast-banner-title-visibility":"","ast-main-header-display":"","ast-hfb-above-header-display":"","ast-hfb-below-header-display":"","ast-hfb-mobile-header-display":"","site-post-title":"","ast-breadcrumbs-content":"","ast-featured-img":"","footer-sml-layout":"","theme-transparent-header-meta":"default","adv-header-id-meta":"","stick-header-meta":"","header-above-stick-meta":"","header-main-stick-meta":"","header-below-stick-meta":"","astra-migrate-meta-layouts":"set","ast-page-background-enabled":"default","ast-page-background-meta":{"desktop":{"background-color":"var(--ast-global-color-4)","background-image":"","background-repeat":"repeat","background-position":"center center","background-size":"auto","background-attachment":"scroll","background-type":"","background-media":"","overlay-type":"","overlay-color":"","overlay-opacity":"","overlay-gradient":""},"tablet":{"background-color":"","background-image":"","background-repeat":"repeat","background-position":"center center","background-size":"auto","background-attachment":"scroll","background-type":"","background-media":"","overlay-type":"","overlay-color":"","overlay-opacity":"","overlay-gradient":""},"mobile":{"background-color":"","background-image":"","background-repeat":"repeat","background-position":"center center","background-size":"auto","background-attachment":"scroll","background-type":"","background-media":"","overlay-type":"","overlay-color":"","overlay-opacity":"","overlay-gradient":""}},"ast-content-background-meta":{"desktop":{"background-color":"var(--ast-global-color-5)","background-image":"","background-repeat":"repeat","background-position":"center center","background-size":"auto","background-attachment":"scroll","background-type":"","background-media":"","overlay-type":"","overlay-color":"","overlay-opacity":"","overlay-gradient":""},"tablet":{"background-color":"var(--ast-global-color-5)","background-image":"","background-repeat":"repeat","background-position":"center center","background-size":"auto","background-attachment":"scroll","background-type":"","background-media":"","overlay-type":"","overlay-color":"","overlay-opacity":"","overlay-gradient":""},"mobile":{"background-color":"var(--ast-global-color-5)","background-image":"","background-repeat":"repeat","background-position":"center center","background-size":"auto","background-attachment":"scroll","background-type":"","background-media":"","overlay-type":"","overlay-color":"","overlay-opacity":"","overlay-gradient":""}},"_joinchat":[]},"product_cat":[95,99],"product_tag":[],"class_list":{"0":"post-644","1":"product","2":"type-product","3":"status-publish","4":"has-post-thumbnail","6":"product_cat-diuretico","7":"product_cat-emagrecimento","8":"desktop-align-left","9":"tablet-align-left","10":"mobile-align-left","12":"first","13":"instock","14":"shipping-taxable","15":"purchasable","16":"product-type-simple"},"_links":{"self":[{"href":"https:\/\/emporiosuplementospoa.com.br\/index.php?rest_route=\/wp\/v2\/product\/644","targetHints":{"allow":["GET"]}}],"collection":[{"href":"https:\/\/emporiosuplementospoa.com.br\/index.php?rest_route=\/wp\/v2\/product"}],"about":[{"href":"https:\/\/emporiosuplementospoa.com.br\/index.php?rest_route=\/wp\/v2\/types\/product"}],"wp:featuredmedia":[{"embeddable":true,"href":"https:\/\/emporiosuplementospoa.com.br\/index.php?rest_route=\/wp\/v2\/media\/645"}],"wp:attachment":[{"href":"https:\/\/emporiosuplementospoa.com.br\/index.php?rest_route=%2Fwp%2Fv2%2Fmedia&parent=644"}],"wp:term":[{"taxonomy":"product_cat","embeddable":true,"href":"https:\/\/emporiosuplementospoa.com.br\/index.php?rest_route=%2Fwp%2Fv2%2Fproduct_cat&post=644"},{"taxonomy":"product_tag","embeddable":true,"href":"https:\/\/emporiosuplementospoa.com.br\/index.php?rest_route=%2Fwp%2Fv2%2Fproduct_tag&post=644"}],"curies":[{"name":"wp","href":"https:\/\/api.w.org\/{rel}","templated":true}]}}