{"id":612,"date":"2024-12-10T10:48:47","date_gmt":"2024-12-10T13:48:47","guid":{"rendered":"https:\/\/emporiosuplementospoa.com.br\/?post_type=product&#038;p=612"},"modified":"2024-12-10T13:23:57","modified_gmt":"2024-12-10T16:23:57","slug":"omega-3-1000mg-120-caps-macrophytus","status":"publish","type":"product","link":"https:\/\/emporiosuplementospoa.com.br\/?product=omega-3-1000mg-120-caps-macrophytus","title":{"rendered":"\u00f4mega 3 (1000MG) 120 Caps Macrophytus"},"content":{"rendered":"<p>O \u00d4mega 3 Macrophytus \u00e9 composto de \u00d3leo de Peixe concentrado em EPA (\u00c1cido Eicosapentaen\u00f3ico) e DHA (\u00c1cido Docosahexaen\u00f3ico).<br \/>\nO EPA e DHA s\u00e3o gorduras boas que auxiliam na melhora e preven\u00e7\u00e3o de doen\u00e7as cardiovascular, c\u00e2ncer, inflama\u00e7\u00e3o, depress\u00e3o e fun\u00e7\u00e3o cognitiva. Os \u00c1cidos Graxos s\u00e3o classificados de acordo com o tamanho da cadeia carb\u00f4nica, o grau de satura\u00e7\u00e3o e a posi\u00e7\u00e3o da primeira dupla liga\u00e7\u00e3o de carbono. De acordo com a classifica\u00e7\u00e3o, o \u00d4mega 3 leva esse nome pois possu\u00ed a primeira dupla liga\u00e7\u00e3o no terceiro carbono da cadeia.<\/p>\n","protected":false},"excerpt":{"rendered":"<p>O \u00d4mega 3 Macrophytus \u00e9 composto de \u00d3leo de Peixe concentrado em EPA (\u00c1cido Eicosapentaen\u00f3ico) e DHA (\u00c1cido Docosahexaen\u00f3ico). O [&hellip;]<\/p>\n","protected":false},"featured_media":613,"template":"","meta":{"site-sidebar-layout":"default","site-content-layout":"","ast-site-content-layout":"default","site-content-style":"default","site-sidebar-style":"default","ast-global-header-display":"","ast-banner-title-visibility":"","ast-main-header-display":"","ast-hfb-above-header-display":"","ast-hfb-below-header-display":"","ast-hfb-mobile-header-display":"","site-post-title":"","ast-breadcrumbs-content":"","ast-featured-img":"","footer-sml-layout":"","theme-transparent-header-meta":"default","adv-header-id-meta":"","stick-header-meta":"","header-above-stick-meta":"","header-main-stick-meta":"","header-below-stick-meta":"","astra-migrate-meta-layouts":"set","ast-page-background-enabled":"default","ast-page-background-meta":{"desktop":{"background-color":"var(--ast-global-color-4)","background-image":"","background-repeat":"repeat","background-position":"center center","background-size":"auto","background-attachment":"scroll","background-type":"","background-media":"","overlay-type":"","overlay-color":"","overlay-opacity":"","overlay-gradient":""},"tablet":{"background-color":"","background-image":"","background-repeat":"repeat","background-position":"center center","background-size":"auto","background-attachment":"scroll","background-type":"","background-media":"","overlay-type":"","overlay-color":"","overlay-opacity":"","overlay-gradient":""},"mobile":{"background-color":"","background-image":"","background-repeat":"repeat","background-position":"center center","background-size":"auto","background-attachment":"scroll","background-type":"","background-media":"","overlay-type":"","overlay-color":"","overlay-opacity":"","overlay-gradient":""}},"ast-content-background-meta":{"desktop":{"background-color":"var(--ast-global-color-5)","background-image":"","background-repeat":"repeat","background-position":"center center","background-size":"auto","background-attachment":"scroll","background-type":"","background-media":"","overlay-type":"","overlay-color":"","overlay-opacity":"","overlay-gradient":""},"tablet":{"background-color":"var(--ast-global-color-5)","background-image":"","background-repeat":"repeat","background-position":"center center","background-size":"auto","background-attachment":"scroll","background-type":"","background-media":"","overlay-type":"","overlay-color":"","overlay-opacity":"","overlay-gradient":""},"mobile":{"background-color":"var(--ast-global-color-5)","background-image":"","background-repeat":"repeat","background-position":"center center","background-size":"auto","background-attachment":"scroll","background-type":"","background-media":"","overlay-type":"","overlay-color":"","overlay-opacity":"","overlay-gradient":""}},"_joinchat":[]},"product_cat":[86],"product_tag":[],"class_list":{"0":"post-612","1":"product","2":"type-product","3":"status-publish","4":"has-post-thumbnail","6":"product_cat-omega-3","7":"desktop-align-left","8":"tablet-align-left","9":"mobile-align-left","11":"first","12":"instock","13":"shipping-taxable","14":"purchasable","15":"product-type-simple"},"_links":{"self":[{"href":"https:\/\/emporiosuplementospoa.com.br\/index.php?rest_route=\/wp\/v2\/product\/612","targetHints":{"allow":["GET"]}}],"collection":[{"href":"https:\/\/emporiosuplementospoa.com.br\/index.php?rest_route=\/wp\/v2\/product"}],"about":[{"href":"https:\/\/emporiosuplementospoa.com.br\/index.php?rest_route=\/wp\/v2\/types\/product"}],"wp:featuredmedia":[{"embeddable":true,"href":"https:\/\/emporiosuplementospoa.com.br\/index.php?rest_route=\/wp\/v2\/media\/613"}],"wp:attachment":[{"href":"https:\/\/emporiosuplementospoa.com.br\/index.php?rest_route=%2Fwp%2Fv2%2Fmedia&parent=612"}],"wp:term":[{"taxonomy":"product_cat","embeddable":true,"href":"https:\/\/emporiosuplementospoa.com.br\/index.php?rest_route=%2Fwp%2Fv2%2Fproduct_cat&post=612"},{"taxonomy":"product_tag","embeddable":true,"href":"https:\/\/emporiosuplementospoa.com.br\/index.php?rest_route=%2Fwp%2Fv2%2Fproduct_tag&post=612"}],"curies":[{"name":"wp","href":"https:\/\/api.w.org\/{rel}","templated":true}]}}