{"id":484,"date":"2024-12-09T15:00:55","date_gmt":"2024-12-09T18:00:55","guid":{"rendered":"https:\/\/emporiosuplementospoa.com.br\/?post_type=product&#038;p=484"},"modified":"2024-12-15T12:17:00","modified_gmt":"2024-12-15T15:17:00","slug":"arginina-platinum-series-100g-adaptogen","status":"publish","type":"product","link":"https:\/\/emporiosuplementospoa.com.br\/?product=arginina-platinum-series-100g-adaptogen","title":{"rendered":"Arginina Platinum Series 100g Adaptogen"},"content":{"rendered":"<h2>O que \u00e9 Arginina?<\/h2>\n<p>A arginina \u00e9 um\u00a0<b>amino\u00e1cido condicionalmente essencial<\/b>, o que significa que o corpo humano \u00e9 capaz de produzi-lo, no entanto, em condi\u00e7\u00f5es de equil\u00edbrio. Quando ocorrem situa\u00e7\u00f5es de estresse do organismo, como pode ser o caso de exerc\u00edcios de alta intensidade, a produ\u00e7\u00e3o pode ser limitada, necessitando seu consumo por meio da dieta e\/ou suplementa\u00e7\u00e3o.<\/p>\n<p>Ela \u00e9 a principal carreadora de nitrog\u00eanio do nosso organismo e faz parte da s\u00edntese de v\u00e1rias subst\u00e2ncias importantes como amino\u00e1cidos,\u00a0<a href=\"https:\/\/www.newnutrition.com.br\/proteinas\/\">prote\u00ednas<\/a>\u00a0e \u00f3xido n\u00edtrico.<\/p>\n<p>&nbsp;<\/p>\n<h2>Para que serve Arginina em P\u00f3 120g?<\/h2>\n<p>Por se tratar de um amino\u00e1cido, a arginina tem a fun\u00e7\u00e3o de participar da s\u00edntese de prote\u00edna. No entanto, ela \u00e9 frequentemente utilizada no esporte uma vez que participa da s\u00edntese e biodisponibilidade de \u00f3xido n\u00edtrico no organismo.<\/p>\n<p>O \u00f3xido n\u00edtrico \u00e9 uma mol\u00e9cula gasosa com efeito vasodilatador. E o que isso significa? Bom, essa atividade \u00e9 capaz de fazer com que os m\u00fasculos internos dos vasos sangu\u00edneos relaxem. Esse processo pode ser interessante por melhorar o fluxo de sangue, facilitando, assim, o transporte de oxig\u00eanio e nutrientes para os m\u00fasculos.<\/p>\n<p>No entanto, \u00e9 importante notar que a arginina n\u00e3o \u00e9 recomendada para todas as pessoas, especialmente para aquelas que t\u00eam problemas renais ou que est\u00e3o tomando certos medicamentos. Antes de tomar suplementos de arginina, \u00e9 importante consultar um profissional de sa\u00fade qualificado.<\/p>\n","protected":false},"excerpt":{"rendered":"<p>O que \u00e9 Arginina? A arginina \u00e9 um\u00a0amino\u00e1cido condicionalmente essencial, o que significa que o corpo humano \u00e9 capaz de [&hellip;]<\/p>\n","protected":false},"featured_media":485,"template":"","meta":{"site-sidebar-layout":"default","site-content-layout":"","ast-site-content-layout":"default","site-content-style":"default","site-sidebar-style":"default","ast-global-header-display":"","ast-banner-title-visibility":"","ast-main-header-display":"","ast-hfb-above-header-display":"","ast-hfb-below-header-display":"","ast-hfb-mobile-header-display":"","site-post-title":"","ast-breadcrumbs-content":"","ast-featured-img":"","footer-sml-layout":"","theme-transparent-header-meta":"default","adv-header-id-meta":"","stick-header-meta":"","header-above-stick-meta":"","header-main-stick-meta":"","header-below-stick-meta":"","astra-migrate-meta-layouts":"set","ast-page-background-enabled":"default","ast-page-background-meta":{"desktop":{"background-color":"var(--ast-global-color-4)","background-image":"","background-repeat":"repeat","background-position":"center center","background-size":"auto","background-attachment":"scroll","background-type":"","background-media":"","overlay-type":"","overlay-color":"","overlay-opacity":"","overlay-gradient":""},"tablet":{"background-color":"","background-image":"","background-repeat":"repeat","background-position":"center center","background-size":"auto","background-attachment":"scroll","background-type":"","background-media":"","overlay-type":"","overlay-color":"","overlay-opacity":"","overlay-gradient":""},"mobile":{"background-color":"","background-image":"","background-repeat":"repeat","background-position":"center center","background-size":"auto","background-attachment":"scroll","background-type":"","background-media":"","overlay-type":"","overlay-color":"","overlay-opacity":"","overlay-gradient":""}},"ast-content-background-meta":{"desktop":{"background-color":"var(--ast-global-color-5)","background-image":"","background-repeat":"repeat","background-position":"center center","background-size":"auto","background-attachment":"scroll","background-type":"","background-media":"","overlay-type":"","overlay-color":"","overlay-opacity":"","overlay-gradient":""},"tablet":{"background-color":"var(--ast-global-color-5)","background-image":"","background-repeat":"repeat","background-position":"center center","background-size":"auto","background-attachment":"scroll","background-type":"","background-media":"","overlay-type":"","overlay-color":"","overlay-opacity":"","overlay-gradient":""},"mobile":{"background-color":"var(--ast-global-color-5)","background-image":"","background-repeat":"repeat","background-position":"center center","background-size":"auto","background-attachment":"scroll","background-type":"","background-media":"","overlay-type":"","overlay-color":"","overlay-opacity":"","overlay-gradient":""}},"_joinchat":[]},"product_cat":[60,84],"product_tag":[],"class_list":{"0":"post-484","1":"product","2":"type-product","3":"status-publish","4":"has-post-thumbnail","6":"product_cat-aminoacidos","7":"product_cat-vasodilatador","8":"desktop-align-left","9":"tablet-align-left","10":"mobile-align-left","12":"first","13":"instock","14":"shipping-taxable","15":"purchasable","16":"product-type-simple"},"_links":{"self":[{"href":"https:\/\/emporiosuplementospoa.com.br\/index.php?rest_route=\/wp\/v2\/product\/484","targetHints":{"allow":["GET"]}}],"collection":[{"href":"https:\/\/emporiosuplementospoa.com.br\/index.php?rest_route=\/wp\/v2\/product"}],"about":[{"href":"https:\/\/emporiosuplementospoa.com.br\/index.php?rest_route=\/wp\/v2\/types\/product"}],"wp:featuredmedia":[{"embeddable":true,"href":"https:\/\/emporiosuplementospoa.com.br\/index.php?rest_route=\/wp\/v2\/media\/485"}],"wp:attachment":[{"href":"https:\/\/emporiosuplementospoa.com.br\/index.php?rest_route=%2Fwp%2Fv2%2Fmedia&parent=484"}],"wp:term":[{"taxonomy":"product_cat","embeddable":true,"href":"https:\/\/emporiosuplementospoa.com.br\/index.php?rest_route=%2Fwp%2Fv2%2Fproduct_cat&post=484"},{"taxonomy":"product_tag","embeddable":true,"href":"https:\/\/emporiosuplementospoa.com.br\/index.php?rest_route=%2Fwp%2Fv2%2Fproduct_tag&post=484"}],"curies":[{"name":"wp","href":"https:\/\/api.w.org\/{rel}","templated":true}]}}