{"id":1234,"date":"2025-01-10T14:22:59","date_gmt":"2025-01-10T17:22:59","guid":{"rendered":"https:\/\/emporiosuplementospoa.com.br\/?post_type=product&#038;p=1234"},"modified":"2025-01-10T14:24:45","modified_gmt":"2025-01-10T17:24:45","slug":"kit-emagrecedor-b-fire-b-slim-13-nutrition","status":"publish","type":"product","link":"https:\/\/emporiosuplementospoa.com.br\/?product=kit-emagrecedor-b-fire-b-slim-13-nutrition","title":{"rendered":"KIT Emagrecedor B-FIRE &#038; B-SLIM &#8211; 13 Nutrition"},"content":{"rendered":"<p><strong><span style=\"font-family: -apple-system, BlinkMacSystemFont, Segoe UI, Roboto, Helvetica, Arial, sans-serif;\">Para que serve:\u00a0<\/span><\/strong><\/p>\n<p><span style=\"font-family: -apple-system, BlinkMacSystemFont, Segoe UI, Roboto, Helvetica, Arial, sans-serif;\">O kit B-FIRE &amp; B-SLIM possui uma poderosa combina\u00e7\u00e3o capaz de aumentar a queima de gordura, diminuir a reten\u00e7\u00e3o de l\u00edquidos, melhorar o foco e controlar o apetite. Composto pelo termog\u00eanico B-fire e o diur\u00e9tico B-slim, o kit \u00e9 elaboradorado cuidadosamente para propiciar um ambiente met\u00e1bolico fav\u00f3ravel \u00e0 queima de gordura controlando todos fatores que pode favorecer o ganho de peso.<\/span><br \/>\n<strong>BENEF\u00cdCIOS<\/strong><\/p>\n<p>B-FIRE: Termog\u00eanico<br \/>\n-Queimador de Gorduras<br \/>\n-Controle do apetite<br \/>\n-Energia e Disposi\u00e7\u00e3o<br \/>\n-N\u00e3o deixa acelerado<br \/>\n-Perfeito pra quem quer secar de forma tranquila e saud\u00e1vel<br \/>\nB-SLIM: Blend termog\u00eanico<br \/>\n-Elimina a reten\u00e7\u00e3o<br \/>\n-Acelera o metabolismo<\/p>\n<p>-Controla os n\u00edveis de a\u00e7\u00facar no sangue<\/p>\n<p>&nbsp;<\/p>\n<p><strong>SUGEST\u00c3O DE USO<\/strong><br \/>\n-Iniciantes: 01 tablete de B-fire + 1 dose de b-slim pela manh\u00e3 ou antes da atividade f\u00edsica.<br \/>\n-Avan\u00e7ados: 01 tabletes de B-fire + 1 dose de b-slim pela manh\u00e3 + 01 tabletes de B-fire antes da atividade f\u00edsica ou ap\u00f3s o meio dia.<\/p>\n","protected":false},"excerpt":{"rendered":"<p>Para que serve:\u00a0 O kit B-FIRE &amp; B-SLIM possui uma poderosa combina\u00e7\u00e3o capaz de aumentar a queima de gordura, diminuir [&hellip;]<\/p>\n","protected":false},"featured_media":1237,"template":"","meta":{"site-sidebar-layout":"default","site-content-layout":"","ast-site-content-layout":"default","site-content-style":"default","site-sidebar-style":"default","ast-global-header-display":"","ast-banner-title-visibility":"","ast-main-header-display":"","ast-hfb-above-header-display":"","ast-hfb-below-header-display":"","ast-hfb-mobile-header-display":"","site-post-title":"","ast-breadcrumbs-content":"","ast-featured-img":"","footer-sml-layout":"","theme-transparent-header-meta":"default","adv-header-id-meta":"","stick-header-meta":"","header-above-stick-meta":"","header-main-stick-meta":"","header-below-stick-meta":"","astra-migrate-meta-layouts":"set","ast-page-background-enabled":"default","ast-page-background-meta":{"desktop":{"background-color":"var(--ast-global-color-4)","background-image":"","background-repeat":"repeat","background-position":"center center","background-size":"auto","background-attachment":"scroll","background-type":"","background-media":"","overlay-type":"","overlay-color":"","overlay-opacity":"","overlay-gradient":""},"tablet":{"background-color":"","background-image":"","background-repeat":"repeat","background-position":"center center","background-size":"auto","background-attachment":"scroll","background-type":"","background-media":"","overlay-type":"","overlay-color":"","overlay-opacity":"","overlay-gradient":""},"mobile":{"background-color":"","background-image":"","background-repeat":"repeat","background-position":"center center","background-size":"auto","background-attachment":"scroll","background-type":"","background-media":"","overlay-type":"","overlay-color":"","overlay-opacity":"","overlay-gradient":""}},"ast-content-background-meta":{"desktop":{"background-color":"var(--ast-global-color-5)","background-image":"","background-repeat":"repeat","background-position":"center center","background-size":"auto","background-attachment":"scroll","background-type":"","background-media":"","overlay-type":"","overlay-color":"","overlay-opacity":"","overlay-gradient":""},"tablet":{"background-color":"var(--ast-global-color-5)","background-image":"","background-repeat":"repeat","background-position":"center center","background-size":"auto","background-attachment":"scroll","background-type":"","background-media":"","overlay-type":"","overlay-color":"","overlay-opacity":"","overlay-gradient":""},"mobile":{"background-color":"var(--ast-global-color-5)","background-image":"","background-repeat":"repeat","background-position":"center center","background-size":"auto","background-attachment":"scroll","background-type":"","background-media":"","overlay-type":"","overlay-color":"","overlay-opacity":"","overlay-gradient":""}},"_joinchat":[]},"product_cat":[107,95,99,71],"product_tag":[],"class_list":{"0":"post-1234","1":"product","2":"type-product","3":"status-publish","4":"has-post-thumbnail","6":"product_cat-combos","7":"product_cat-diuretico","8":"product_cat-emagrecimento","9":"product_cat-termogenicos","10":"desktop-align-left","11":"tablet-align-left","12":"mobile-align-left","14":"first","15":"instock","16":"shipping-taxable","17":"purchasable","18":"product-type-variable"},"_links":{"self":[{"href":"https:\/\/emporiosuplementospoa.com.br\/index.php?rest_route=\/wp\/v2\/product\/1234","targetHints":{"allow":["GET"]}}],"collection":[{"href":"https:\/\/emporiosuplementospoa.com.br\/index.php?rest_route=\/wp\/v2\/product"}],"about":[{"href":"https:\/\/emporiosuplementospoa.com.br\/index.php?rest_route=\/wp\/v2\/types\/product"}],"wp:featuredmedia":[{"embeddable":true,"href":"https:\/\/emporiosuplementospoa.com.br\/index.php?rest_route=\/wp\/v2\/media\/1237"}],"wp:attachment":[{"href":"https:\/\/emporiosuplementospoa.com.br\/index.php?rest_route=%2Fwp%2Fv2%2Fmedia&parent=1234"}],"wp:term":[{"taxonomy":"product_cat","embeddable":true,"href":"https:\/\/emporiosuplementospoa.com.br\/index.php?rest_route=%2Fwp%2Fv2%2Fproduct_cat&post=1234"},{"taxonomy":"product_tag","embeddable":true,"href":"https:\/\/emporiosuplementospoa.com.br\/index.php?rest_route=%2Fwp%2Fv2%2Fproduct_tag&post=1234"}],"curies":[{"name":"wp","href":"https:\/\/api.w.org\/{rel}","templated":true}]}}