{"id":1204,"date":"2024-12-26T10:20:44","date_gmt":"2024-12-26T13:20:44","guid":{"rendered":"https:\/\/emporiosuplementospoa.com.br\/?post_type=product&#038;p=1204"},"modified":"2024-12-26T10:20:45","modified_gmt":"2024-12-26T13:20:45","slug":"warzone-300g-under-labz","status":"publish","type":"product","link":"https:\/\/emporiosuplementospoa.com.br\/?product=warzone-300g-under-labz","title":{"rendered":"Warzone 300g &#8211; Under Labz"},"content":{"rendered":"<p><b>WARZONE COM PUMP MATRIX\u2122<\/b>\u00a0&#8211; O pr\u00e9 treino em 2 est\u00e1gios.\u00a0<span style=\"font-weight: 500;\">\u00c9 o primeiro e \u00fanico pr\u00e9 treino do Brasil com\u00a0<strong>PUMP MATRIX\u2122<\/strong>\u00a0<\/span><span style=\"font-weight: 500;\">Um pr\u00e9 treino inteligente de efeito prolongado que funciona em 2 est\u00e1gios. \ud83e\udde0<\/span><\/p>\n<p>&nbsp;<\/p>\n<p><em><span style=\"font-weight: 500;\">\u2192 Est\u00e1gio 01<\/span><\/em><\/p>\n<p><span style=\"font-weight: 500;\">No primeiro est\u00e1gio ele faz voc\u00ea atingir o \u00e1pice de energia dos estimulantes te colocando em um n\u00edvel de alto rendimento.<\/span><\/p>\n<p><i><span style=\"font-weight: 500;\">\u2192 Est\u00e1gio 02<\/span><\/i><\/p>\n<p><span style=\"font-weight: 500;\">Quando isso acontece, de forma inteligente o est\u00e1gio 02 \u00e9 ativado com a\u00a0<\/span><b>Pump Matrix\u2122<\/b><span style=\"font-weight: 500;\">\u00a0liberando mais pot\u00eancia muscular ao intensificar o fluxo sangu\u00edneo.<\/span><\/p>\n<p><span style=\"font-weight: 500;\">Ele ultrapassa os limites dos estimulantes, te colocando em um n\u00edvel prolongado de ultra performance.\u00a0<\/span><\/p>\n","protected":false},"excerpt":{"rendered":"<p>WARZONE COM PUMP MATRIX\u2122\u00a0&#8211; O pr\u00e9 treino em 2 est\u00e1gios.\u00a0\u00c9 o primeiro e \u00fanico pr\u00e9 treino do Brasil com\u00a0PUMP MATRIX\u2122\u00a0Um [&hellip;]<\/p>\n","protected":false},"featured_media":1208,"template":"","meta":{"site-sidebar-layout":"default","site-content-layout":"","ast-site-content-layout":"default","site-content-style":"default","site-sidebar-style":"default","ast-global-header-display":"","ast-banner-title-visibility":"","ast-main-header-display":"","ast-hfb-above-header-display":"","ast-hfb-below-header-display":"","ast-hfb-mobile-header-display":"","site-post-title":"","ast-breadcrumbs-content":"","ast-featured-img":"","footer-sml-layout":"","theme-transparent-header-meta":"default","adv-header-id-meta":"","stick-header-meta":"","header-above-stick-meta":"","header-main-stick-meta":"","header-below-stick-meta":"","astra-migrate-meta-layouts":"set","ast-page-background-enabled":"default","ast-page-background-meta":{"desktop":{"background-color":"var(--ast-global-color-4)","background-image":"","background-repeat":"repeat","background-position":"center center","background-size":"auto","background-attachment":"scroll","background-type":"","background-media":"","overlay-type":"","overlay-color":"","overlay-opacity":"","overlay-gradient":""},"tablet":{"background-color":"","background-image":"","background-repeat":"repeat","background-position":"center center","background-size":"auto","background-attachment":"scroll","background-type":"","background-media":"","overlay-type":"","overlay-color":"","overlay-opacity":"","overlay-gradient":""},"mobile":{"background-color":"","background-image":"","background-repeat":"repeat","background-position":"center center","background-size":"auto","background-attachment":"scroll","background-type":"","background-media":"","overlay-type":"","overlay-color":"","overlay-opacity":"","overlay-gradient":""}},"ast-content-background-meta":{"desktop":{"background-color":"var(--ast-global-color-5)","background-image":"","background-repeat":"repeat","background-position":"center center","background-size":"auto","background-attachment":"scroll","background-type":"","background-media":"","overlay-type":"","overlay-color":"","overlay-opacity":"","overlay-gradient":""},"tablet":{"background-color":"var(--ast-global-color-5)","background-image":"","background-repeat":"repeat","background-position":"center center","background-size":"auto","background-attachment":"scroll","background-type":"","background-media":"","overlay-type":"","overlay-color":"","overlay-opacity":"","overlay-gradient":""},"mobile":{"background-color":"var(--ast-global-color-5)","background-image":"","background-repeat":"repeat","background-position":"center center","background-size":"auto","background-attachment":"scroll","background-type":"","background-media":"","overlay-type":"","overlay-color":"","overlay-opacity":"","overlay-gradient":""}},"_joinchat":[]},"product_cat":[54],"product_tag":[],"class_list":{"0":"post-1204","1":"product","2":"type-product","3":"status-publish","4":"has-post-thumbnail","6":"product_cat-pre-treino","7":"desktop-align-left","8":"tablet-align-left","9":"mobile-align-left","11":"first","12":"instock","13":"shipping-taxable","14":"purchasable","15":"product-type-variable"},"_links":{"self":[{"href":"https:\/\/emporiosuplementospoa.com.br\/index.php?rest_route=\/wp\/v2\/product\/1204","targetHints":{"allow":["GET"]}}],"collection":[{"href":"https:\/\/emporiosuplementospoa.com.br\/index.php?rest_route=\/wp\/v2\/product"}],"about":[{"href":"https:\/\/emporiosuplementospoa.com.br\/index.php?rest_route=\/wp\/v2\/types\/product"}],"wp:featuredmedia":[{"embeddable":true,"href":"https:\/\/emporiosuplementospoa.com.br\/index.php?rest_route=\/wp\/v2\/media\/1208"}],"wp:attachment":[{"href":"https:\/\/emporiosuplementospoa.com.br\/index.php?rest_route=%2Fwp%2Fv2%2Fmedia&parent=1204"}],"wp:term":[{"taxonomy":"product_cat","embeddable":true,"href":"https:\/\/emporiosuplementospoa.com.br\/index.php?rest_route=%2Fwp%2Fv2%2Fproduct_cat&post=1204"},{"taxonomy":"product_tag","embeddable":true,"href":"https:\/\/emporiosuplementospoa.com.br\/index.php?rest_route=%2Fwp%2Fv2%2Fproduct_tag&post=1204"}],"curies":[{"name":"wp","href":"https:\/\/api.w.org\/{rel}","templated":true}]}}