{"id":1202,"date":"2024-12-26T09:45:15","date_gmt":"2024-12-26T12:45:15","guid":{"rendered":"https:\/\/emporiosuplementospoa.com.br\/?post_type=product&#038;p=1202"},"modified":"2024-12-26T09:45:15","modified_gmt":"2024-12-26T12:45:15","slug":"dimethylex-60-caps","status":"publish","type":"product","link":"https:\/\/emporiosuplementospoa.com.br\/?product=dimethylex-60-caps","title":{"rendered":"DIMETHYLEX 60 Caps"},"content":{"rendered":"<p><b>Dimethilex<\/b>\u00a0reina absoluto como o primeiro e \u00fanico termog\u00eanico do Brasil com\u00a0<b>Burn Matrix\u2122<\/b>\u00a0\ud83c\udde7\ud83c\uddf7<\/p>\n<p>S\u00e3o 4 mecanismos independentes em 1 termog\u00eanico, agindo de maneira inteligente:<\/p>\n<ol>\n<li><i>Potencializando a queima de gordura<\/i><\/li>\n<li><i>Acelerando o metabolismo<\/i><\/li>\n<li><i>Suprimindo o apetite<\/i><\/li>\n<li><i>Agindo como diur\u00e9tico e eliminando a reten\u00e7\u00e3o de l\u00edquidos<\/i><\/li>\n<\/ol>\n<p>\u00c9 o posto ipiranga do emagrecimento, tudo o que voc\u00ea precisa para secar tem no Dimethylex com\u00a0<b>Burn Matrix\u2122\u00a0<\/b>\ud83d\udd25<\/p>\n<h2 class=\"h6 product-about__accordion-title active\">Sugest\u00e3o de Uso<\/h2>\n<div class=\"product-about__more-link-wrapper\">\n<div class=\"product-about__more-link\"><\/div>\n<\/div>\n<div class=\"product-about__accordion-description product-about__accordion-content\">\n<div class=\"metafield-rich_text_field\">\n<p>Consumir 1 c\u00e1psula duas vezes ao dia ou conforme orienta\u00e7\u00e3o profissional<\/p>\n<p>&nbsp;<\/p>\n<\/div>\n<\/div>\n","protected":false},"excerpt":{"rendered":"<p>Dimethilex\u00a0reina absoluto como o primeiro e \u00fanico termog\u00eanico do Brasil com\u00a0Burn Matrix\u2122\u00a0\ud83c\udde7\ud83c\uddf7 S\u00e3o 4 mecanismos independentes em 1 termog\u00eanico, agindo [&hellip;]<\/p>\n","protected":false},"featured_media":1203,"template":"","meta":{"site-sidebar-layout":"default","site-content-layout":"","ast-site-content-layout":"default","site-content-style":"default","site-sidebar-style":"default","ast-global-header-display":"","ast-banner-title-visibility":"","ast-main-header-display":"","ast-hfb-above-header-display":"","ast-hfb-below-header-display":"","ast-hfb-mobile-header-display":"","site-post-title":"","ast-breadcrumbs-content":"","ast-featured-img":"","footer-sml-layout":"","theme-transparent-header-meta":"default","adv-header-id-meta":"","stick-header-meta":"","header-above-stick-meta":"","header-main-stick-meta":"","header-below-stick-meta":"","astra-migrate-meta-layouts":"set","ast-page-background-enabled":"default","ast-page-background-meta":{"desktop":{"background-color":"var(--ast-global-color-4)","background-image":"","background-repeat":"repeat","background-position":"center center","background-size":"auto","background-attachment":"scroll","background-type":"","background-media":"","overlay-type":"","overlay-color":"","overlay-opacity":"","overlay-gradient":""},"tablet":{"background-color":"","background-image":"","background-repeat":"repeat","background-position":"center center","background-size":"auto","background-attachment":"scroll","background-type":"","background-media":"","overlay-type":"","overlay-color":"","overlay-opacity":"","overlay-gradient":""},"mobile":{"background-color":"","background-image":"","background-repeat":"repeat","background-position":"center center","background-size":"auto","background-attachment":"scroll","background-type":"","background-media":"","overlay-type":"","overlay-color":"","overlay-opacity":"","overlay-gradient":""}},"ast-content-background-meta":{"desktop":{"background-color":"var(--ast-global-color-5)","background-image":"","background-repeat":"repeat","background-position":"center center","background-size":"auto","background-attachment":"scroll","background-type":"","background-media":"","overlay-type":"","overlay-color":"","overlay-opacity":"","overlay-gradient":""},"tablet":{"background-color":"var(--ast-global-color-5)","background-image":"","background-repeat":"repeat","background-position":"center center","background-size":"auto","background-attachment":"scroll","background-type":"","background-media":"","overlay-type":"","overlay-color":"","overlay-opacity":"","overlay-gradient":""},"mobile":{"background-color":"var(--ast-global-color-5)","background-image":"","background-repeat":"repeat","background-position":"center center","background-size":"auto","background-attachment":"scroll","background-type":"","background-media":"","overlay-type":"","overlay-color":"","overlay-opacity":"","overlay-gradient":""}},"_joinchat":[]},"product_cat":[99,71],"product_tag":[],"class_list":{"0":"post-1202","1":"product","2":"type-product","3":"status-publish","4":"has-post-thumbnail","6":"product_cat-emagrecimento","7":"product_cat-termogenicos","8":"desktop-align-left","9":"tablet-align-left","10":"mobile-align-left","12":"first","13":"instock","14":"shipping-taxable","15":"purchasable","16":"product-type-simple"},"_links":{"self":[{"href":"https:\/\/emporiosuplementospoa.com.br\/index.php?rest_route=\/wp\/v2\/product\/1202","targetHints":{"allow":["GET"]}}],"collection":[{"href":"https:\/\/emporiosuplementospoa.com.br\/index.php?rest_route=\/wp\/v2\/product"}],"about":[{"href":"https:\/\/emporiosuplementospoa.com.br\/index.php?rest_route=\/wp\/v2\/types\/product"}],"wp:featuredmedia":[{"embeddable":true,"href":"https:\/\/emporiosuplementospoa.com.br\/index.php?rest_route=\/wp\/v2\/media\/1203"}],"wp:attachment":[{"href":"https:\/\/emporiosuplementospoa.com.br\/index.php?rest_route=%2Fwp%2Fv2%2Fmedia&parent=1202"}],"wp:term":[{"taxonomy":"product_cat","embeddable":true,"href":"https:\/\/emporiosuplementospoa.com.br\/index.php?rest_route=%2Fwp%2Fv2%2Fproduct_cat&post=1202"},{"taxonomy":"product_tag","embeddable":true,"href":"https:\/\/emporiosuplementospoa.com.br\/index.php?rest_route=%2Fwp%2Fv2%2Fproduct_tag&post=1202"}],"curies":[{"name":"wp","href":"https:\/\/api.w.org\/{rel}","templated":true}]}}