{"id":1196,"date":"2024-12-26T09:40:18","date_gmt":"2024-12-26T12:40:18","guid":{"rendered":"https:\/\/emporiosuplementospoa.com.br\/?post_type=product&#038;p=1196"},"modified":"2024-12-26T09:40:18","modified_gmt":"2024-12-26T12:40:18","slug":"whey-isolado-dux-900g","status":"publish","type":"product","link":"https:\/\/emporiosuplementospoa.com.br\/?product=whey-isolado-dux-900g","title":{"rendered":"Whey isolado DUX 900g"},"content":{"rendered":"<p>O\u00a0<strong>Whey Dux Isolado<\/strong>\u00a0\u00e9 um suplemento que possui uma alta concentra\u00e7\u00e3o de\u00a0prote\u00edna isolada do soro do leite\u00a0e de amino\u00e1cidos essenciais, tudo isso com um elevado grau de pureza.<\/p>\n<p>Rica em BCAA\u00a0(amino\u00e1cidos de cadeia ramificada) e outros amino\u00e1cidos importantes como a glutamina, o\u00a0<strong>Whey Isolado Dux<\/strong>\u00a0\u00e9 ideal para atletas e praticantes de atividades f\u00edsicas que buscam por melhora da defini\u00e7\u00e3o corporal ou hipertrofia muscular.<\/p>\n<p>O\u00a0<strong>Whey Dux Isolado<\/strong>, popularmente chamado de prote\u00edna isolada do soro do leite, \u00e9 um suplemento de prote\u00ednas extra\u00eddo do soro do leite bovino, enquanto \u00e9 realizado o processo de fabrica\u00e7\u00e3o do queijo. Ao passar por diversos processos de filtragem, a prote\u00edna apresenta sua forma mais pura, com alta quantidade de amino\u00e1cidos essenciais e baixos \u00edndices de gorduras, carboidratos e lactose.<\/p>\n<p>Voc\u00ea que gosta de estar na academia, em clubes ou mesmo ao ar livre realizando as suas atividades f\u00edsicas, seja para ter um corpo mais definido ou mais musculoso, voc\u00ea quer que os resultados aconte\u00e7am da forma mais r\u00e1pida poss\u00edvel, n\u00e3o \u00e9 mesmo?<\/p>\n<p>Pois bem, saiba que existem produtos que ajudam, e muito, na melhora dos resultados e al\u00e9m disso apresentam benef\u00edcios para sua sa\u00fade, um deles \u00e9 o\u00a0<strong>Whey Protein Isolado Dux<\/strong>\u00a0<strong>Nutrition<\/strong>.<\/p>\n<p>O\u00a0<strong>Whey Isolado Dux\u00a0<\/strong>cont\u00e9m prote\u00edna do soro do leite importada e duplamente filtrada, garantindo um suplemento com uma digest\u00e3o e absor\u00e7\u00e3o otimizadas. Cada dose do produto cont\u00e9m 24g de prote\u00edna, o que representa mais de 85% de concentra\u00e7\u00e3o proteica.<\/p>\n<h3><strong>O que voc\u00ea recebe?<\/strong><\/h3>\n<ul>\n<li>24g de prote\u00edna de whey protein isolado.<\/li>\n<li>Suporte elevado para a constru\u00e7\u00e3o, defini\u00e7\u00e3o e recupera\u00e7\u00e3o muscular.<\/li>\n<li>86% de concentra\u00e7\u00e3o proteica, com 5,8g de BCAA\u2019s, 4,3g de glutamina e 2,7g de leucina.<\/li>\n<\/ul>\n","protected":false},"excerpt":{"rendered":"<p>O\u00a0Whey Dux Isolado\u00a0\u00e9 um suplemento que possui uma alta concentra\u00e7\u00e3o de\u00a0prote\u00edna isolada do soro do leite\u00a0e de amino\u00e1cidos essenciais, tudo [&hellip;]<\/p>\n","protected":false},"featured_media":1197,"template":"","meta":{"site-sidebar-layout":"default","site-content-layout":"","ast-site-content-layout":"default","site-content-style":"default","site-sidebar-style":"default","ast-global-header-display":"","ast-banner-title-visibility":"","ast-main-header-display":"","ast-hfb-above-header-display":"","ast-hfb-below-header-display":"","ast-hfb-mobile-header-display":"","site-post-title":"","ast-breadcrumbs-content":"","ast-featured-img":"","footer-sml-layout":"","theme-transparent-header-meta":"default","adv-header-id-meta":"","stick-header-meta":"","header-above-stick-meta":"","header-main-stick-meta":"","header-below-stick-meta":"","astra-migrate-meta-layouts":"set","ast-page-background-enabled":"default","ast-page-background-meta":{"desktop":{"background-color":"var(--ast-global-color-4)","background-image":"","background-repeat":"repeat","background-position":"center center","background-size":"auto","background-attachment":"scroll","background-type":"","background-media":"","overlay-type":"","overlay-color":"","overlay-opacity":"","overlay-gradient":""},"tablet":{"background-color":"","background-image":"","background-repeat":"repeat","background-position":"center center","background-size":"auto","background-attachment":"scroll","background-type":"","background-media":"","overlay-type":"","overlay-color":"","overlay-opacity":"","overlay-gradient":""},"mobile":{"background-color":"","background-image":"","background-repeat":"repeat","background-position":"center center","background-size":"auto","background-attachment":"scroll","background-type":"","background-media":"","overlay-type":"","overlay-color":"","overlay-opacity":"","overlay-gradient":""}},"ast-content-background-meta":{"desktop":{"background-color":"var(--ast-global-color-5)","background-image":"","background-repeat":"repeat","background-position":"center center","background-size":"auto","background-attachment":"scroll","background-type":"","background-media":"","overlay-type":"","overlay-color":"","overlay-opacity":"","overlay-gradient":""},"tablet":{"background-color":"var(--ast-global-color-5)","background-image":"","background-repeat":"repeat","background-position":"center center","background-size":"auto","background-attachment":"scroll","background-type":"","background-media":"","overlay-type":"","overlay-color":"","overlay-opacity":"","overlay-gradient":""},"mobile":{"background-color":"var(--ast-global-color-5)","background-image":"","background-repeat":"repeat","background-position":"center center","background-size":"auto","background-attachment":"scroll","background-type":"","background-media":"","overlay-type":"","overlay-color":"","overlay-opacity":"","overlay-gradient":""}},"_joinchat":[]},"product_cat":[38],"product_tag":[],"class_list":{"0":"post-1196","1":"product","2":"type-product","3":"status-publish","4":"has-post-thumbnail","6":"product_cat-whey-protein","7":"desktop-align-left","8":"tablet-align-left","9":"mobile-align-left","11":"first","12":"instock","13":"shipping-taxable","14":"purchasable","15":"product-type-variable"},"_links":{"self":[{"href":"https:\/\/emporiosuplementospoa.com.br\/index.php?rest_route=\/wp\/v2\/product\/1196","targetHints":{"allow":["GET"]}}],"collection":[{"href":"https:\/\/emporiosuplementospoa.com.br\/index.php?rest_route=\/wp\/v2\/product"}],"about":[{"href":"https:\/\/emporiosuplementospoa.com.br\/index.php?rest_route=\/wp\/v2\/types\/product"}],"wp:featuredmedia":[{"embeddable":true,"href":"https:\/\/emporiosuplementospoa.com.br\/index.php?rest_route=\/wp\/v2\/media\/1197"}],"wp:attachment":[{"href":"https:\/\/emporiosuplementospoa.com.br\/index.php?rest_route=%2Fwp%2Fv2%2Fmedia&parent=1196"}],"wp:term":[{"taxonomy":"product_cat","embeddable":true,"href":"https:\/\/emporiosuplementospoa.com.br\/index.php?rest_route=%2Fwp%2Fv2%2Fproduct_cat&post=1196"},{"taxonomy":"product_tag","embeddable":true,"href":"https:\/\/emporiosuplementospoa.com.br\/index.php?rest_route=%2Fwp%2Fv2%2Fproduct_tag&post=1196"}],"curies":[{"name":"wp","href":"https:\/\/api.w.org\/{rel}","templated":true}]}}