{"id":1189,"date":"2024-12-26T09:34:51","date_gmt":"2024-12-26T12:34:51","guid":{"rendered":"https:\/\/emporiosuplementospoa.com.br\/?post_type=product&#038;p=1189"},"modified":"2025-08-06T14:37:10","modified_gmt":"2025-08-06T17:37:10","slug":"100-whey-refil-900g-max-titanium","status":"publish","type":"product","link":"https:\/\/emporiosuplementospoa.com.br\/?product=100-whey-refil-900g-max-titanium","title":{"rendered":"100% Whey Refil 900g &#8211; Max Titanium"},"content":{"rendered":"<p><b>100% Whey\u00a0<\/b>\u00e9 um suplemento a base de prote\u00edna concentrada do soro do leite (Whey Protein Concentrate), mat\u00e9ria-prima elaborada com alta tecnologia, de elevado valor biol\u00f3gico, r\u00e1pida digestibilidade e alta concentra\u00e7\u00e3o de amino\u00e1cidos essenciais, que s\u00e3o fatores de relev\u00e2ncia para auxiliar a s\u00edntese proteica muscular.<\/p>\n<p>O consumo de suplementos proteicos, associado \u00e0 uma alimenta\u00e7\u00e3o saud\u00e1vel e pr\u00e1tica de atividade f\u00edsica auxilia na forma\u00e7\u00e3o de m\u00fasculos e ossos.<\/p>\n<p>100% Whey fornece 21g de prote\u00edna , quantidade de BCAAs podendo variar de acordo com o sabor e 10g de amino\u00e1cidos essenciais em 30g de produto.<\/p>\n","protected":false},"excerpt":{"rendered":"<p>100% Whey\u00a0\u00e9 um suplemento a base de prote\u00edna concentrada do soro do leite (Whey Protein Concentrate), mat\u00e9ria-prima elaborada com alta [&hellip;]<\/p>\n","protected":false},"featured_media":1191,"template":"","meta":{"site-sidebar-layout":"default","site-content-layout":"","ast-site-content-layout":"default","site-content-style":"default","site-sidebar-style":"default","ast-global-header-display":"","ast-banner-title-visibility":"","ast-main-header-display":"","ast-hfb-above-header-display":"","ast-hfb-below-header-display":"","ast-hfb-mobile-header-display":"","site-post-title":"","ast-breadcrumbs-content":"","ast-featured-img":"","footer-sml-layout":"","theme-transparent-header-meta":"default","adv-header-id-meta":"","stick-header-meta":"","header-above-stick-meta":"","header-main-stick-meta":"","header-below-stick-meta":"","astra-migrate-meta-layouts":"set","ast-page-background-enabled":"default","ast-page-background-meta":{"desktop":{"background-color":"var(--ast-global-color-4)","background-image":"","background-repeat":"repeat","background-position":"center center","background-size":"auto","background-attachment":"scroll","background-type":"","background-media":"","overlay-type":"","overlay-color":"","overlay-opacity":"","overlay-gradient":""},"tablet":{"background-color":"","background-image":"","background-repeat":"repeat","background-position":"center center","background-size":"auto","background-attachment":"scroll","background-type":"","background-media":"","overlay-type":"","overlay-color":"","overlay-opacity":"","overlay-gradient":""},"mobile":{"background-color":"","background-image":"","background-repeat":"repeat","background-position":"center center","background-size":"auto","background-attachment":"scroll","background-type":"","background-media":"","overlay-type":"","overlay-color":"","overlay-opacity":"","overlay-gradient":""}},"ast-content-background-meta":{"desktop":{"background-color":"var(--ast-global-color-5)","background-image":"","background-repeat":"repeat","background-position":"center center","background-size":"auto","background-attachment":"scroll","background-type":"","background-media":"","overlay-type":"","overlay-color":"","overlay-opacity":"","overlay-gradient":""},"tablet":{"background-color":"var(--ast-global-color-5)","background-image":"","background-repeat":"repeat","background-position":"center center","background-size":"auto","background-attachment":"scroll","background-type":"","background-media":"","overlay-type":"","overlay-color":"","overlay-opacity":"","overlay-gradient":""},"mobile":{"background-color":"var(--ast-global-color-5)","background-image":"","background-repeat":"repeat","background-position":"center center","background-size":"auto","background-attachment":"scroll","background-type":"","background-media":"","overlay-type":"","overlay-color":"","overlay-opacity":"","overlay-gradient":""}},"_joinchat":[]},"product_cat":[38],"product_tag":[],"class_list":{"0":"post-1189","1":"product","2":"type-product","3":"status-publish","4":"has-post-thumbnail","6":"product_cat-whey-protein","7":"desktop-align-left","8":"tablet-align-left","9":"mobile-align-left","11":"first","12":"instock","13":"shipping-taxable","14":"purchasable","15":"product-type-variable"},"_links":{"self":[{"href":"https:\/\/emporiosuplementospoa.com.br\/index.php?rest_route=\/wp\/v2\/product\/1189","targetHints":{"allow":["GET"]}}],"collection":[{"href":"https:\/\/emporiosuplementospoa.com.br\/index.php?rest_route=\/wp\/v2\/product"}],"about":[{"href":"https:\/\/emporiosuplementospoa.com.br\/index.php?rest_route=\/wp\/v2\/types\/product"}],"wp:featuredmedia":[{"embeddable":true,"href":"https:\/\/emporiosuplementospoa.com.br\/index.php?rest_route=\/wp\/v2\/media\/1191"}],"wp:attachment":[{"href":"https:\/\/emporiosuplementospoa.com.br\/index.php?rest_route=%2Fwp%2Fv2%2Fmedia&parent=1189"}],"wp:term":[{"taxonomy":"product_cat","embeddable":true,"href":"https:\/\/emporiosuplementospoa.com.br\/index.php?rest_route=%2Fwp%2Fv2%2Fproduct_cat&post=1189"},{"taxonomy":"product_tag","embeddable":true,"href":"https:\/\/emporiosuplementospoa.com.br\/index.php?rest_route=%2Fwp%2Fv2%2Fproduct_tag&post=1189"}],"curies":[{"name":"wp","href":"https:\/\/api.w.org\/{rel}","templated":true}]}}