{"id":1122,"date":"2024-12-15T13:26:55","date_gmt":"2024-12-15T16:26:55","guid":{"rendered":"https:\/\/emporiosuplementospoa.com.br\/?post_type=product&#038;p=1122"},"modified":"2024-12-15T13:34:11","modified_gmt":"2024-12-15T16:34:11","slug":"dry-coffe-300g-shark-pro","status":"publish","type":"product","link":"https:\/\/emporiosuplementospoa.com.br\/?product=dry-coffe-300g-shark-pro","title":{"rendered":"DRY Coffe 300g Shark Pro"},"content":{"rendered":"<p>DRY COFFEE \u00e9 um caf\u00e9 termog\u00eanico com f\u00f3rmula exclusiva e carater\u00edsticas NUTRICIONAIS que evidenciam a sua qualidade .<\/p>\n<p><strong>Principais Benef\u00edcios:<\/strong><\/p>\n<ul>\n<li>Perca de peso<\/li>\n<li>Aumento de resid\u00eancia<\/li>\n<li>Melhora a concentra\u00e7\u00e3o<\/li>\n<li>Aumenta a saciedade<\/li>\n<li>Efeito Diur\u00e9tico<\/li>\n<li>Recupera\u00e7\u00e3o Muscular<\/li>\n<li>Aumento de energia<\/li>\n<\/ul>\n<p><strong>INGREDIENTES:<\/strong>\u00a0\u00a0Triglicer\u00eddeos de cadeia m\u00e9dia, caf\u00e9 Sol\u00favel, prote\u00edna isolada do soro\u00a0de leite, taurina, L-carnitina, colina, canela (Cinnamomum\u00a0zeylanicum ness), cafe\u00edna anidra, ch\u00e1 verde sol\u00favel (Camellia sinesis (L)\u00a0kuntze), gengibre (Zingiber officinale roscoe), Pimenta\u00a0preta (Piper nigrum L.), Dihidrocapsiato (Capisicum annuum L),\u00a0 Mix de\u00a0vitaminas (Nitrato de tiamina, niacinamida, pantotenato\u00a0dec\u00e1lcio, cloridrato de piridoxina, \u00e1cido f\u00f3lico, cianocobalamina\u00a0e picolinato de cromo), aroma id\u00eantico ao natural de caramelo,\u00a0edulcorante sucralose, aspartame, ciclamto de s\u00f3dio, acessulfame<br \/>\nde pot\u00e1ssio e sacarina e regulador de acidez bicarbonato de\u00a0s\u00f3dio.\u00a0<strong>AL\u00c9RGICOS: CONT\u00c9M DERIVADOS DO LEITE. CONT\u00c9M<br \/>\nLACTOSE. N\u00c3O CONTEM GL\u00daTEN.<\/strong><\/p>\n<p><strong>Sugest\u00e3o de Uso:<\/strong>\u00a0Diluir 2 dosadores (10g) de Dry Coffee em 90 ml de \u00e1gua quente, uma vez ao dia, preferencialmente 60 minutos antes do exerc\u00edcio f\u00edsico. Recomendado para adultos acima de 19 anos.<\/p>\n<p><strong>Conserva\u00e7\u00e3o:<\/strong>\u00a0Conservar ao abrigo da luz, calor e umidade. Ap\u00f3s aberto, manter em local seco e arejado.<\/p>\n","protected":false},"excerpt":{"rendered":"<p>DRY COFFEE \u00e9 um caf\u00e9 termog\u00eanico com f\u00f3rmula exclusiva e carater\u00edsticas NUTRICIONAIS que evidenciam a sua qualidade . Principais Benef\u00edcios: [&hellip;]<\/p>\n","protected":false},"featured_media":1123,"template":"","meta":{"site-sidebar-layout":"default","site-content-layout":"","ast-site-content-layout":"default","site-content-style":"default","site-sidebar-style":"default","ast-global-header-display":"","ast-banner-title-visibility":"","ast-main-header-display":"","ast-hfb-above-header-display":"","ast-hfb-below-header-display":"","ast-hfb-mobile-header-display":"","site-post-title":"","ast-breadcrumbs-content":"","ast-featured-img":"","footer-sml-layout":"","theme-transparent-header-meta":"default","adv-header-id-meta":"","stick-header-meta":"","header-above-stick-meta":"","header-main-stick-meta":"","header-below-stick-meta":"","astra-migrate-meta-layouts":"set","ast-page-background-enabled":"default","ast-page-background-meta":{"desktop":{"background-color":"var(--ast-global-color-4)","background-image":"","background-repeat":"repeat","background-position":"center center","background-size":"auto","background-attachment":"scroll","background-type":"","background-media":"","overlay-type":"","overlay-color":"","overlay-opacity":"","overlay-gradient":""},"tablet":{"background-color":"","background-image":"","background-repeat":"repeat","background-position":"center center","background-size":"auto","background-attachment":"scroll","background-type":"","background-media":"","overlay-type":"","overlay-color":"","overlay-opacity":"","overlay-gradient":""},"mobile":{"background-color":"","background-image":"","background-repeat":"repeat","background-position":"center center","background-size":"auto","background-attachment":"scroll","background-type":"","background-media":"","overlay-type":"","overlay-color":"","overlay-opacity":"","overlay-gradient":""}},"ast-content-background-meta":{"desktop":{"background-color":"var(--ast-global-color-5)","background-image":"","background-repeat":"repeat","background-position":"center center","background-size":"auto","background-attachment":"scroll","background-type":"","background-media":"","overlay-type":"","overlay-color":"","overlay-opacity":"","overlay-gradient":""},"tablet":{"background-color":"var(--ast-global-color-5)","background-image":"","background-repeat":"repeat","background-position":"center center","background-size":"auto","background-attachment":"scroll","background-type":"","background-media":"","overlay-type":"","overlay-color":"","overlay-opacity":"","overlay-gradient":""},"mobile":{"background-color":"var(--ast-global-color-5)","background-image":"","background-repeat":"repeat","background-position":"center center","background-size":"auto","background-attachment":"scroll","background-type":"","background-media":"","overlay-type":"","overlay-color":"","overlay-opacity":"","overlay-gradient":""}},"_joinchat":[]},"product_cat":[99,71],"product_tag":[],"class_list":{"0":"post-1122","1":"product","2":"type-product","3":"status-publish","4":"has-post-thumbnail","6":"product_cat-emagrecimento","7":"product_cat-termogenicos","8":"desktop-align-left","9":"tablet-align-left","10":"mobile-align-left","12":"first","13":"instock","14":"shipping-taxable","15":"purchasable","16":"product-type-variable"},"_links":{"self":[{"href":"https:\/\/emporiosuplementospoa.com.br\/index.php?rest_route=\/wp\/v2\/product\/1122","targetHints":{"allow":["GET"]}}],"collection":[{"href":"https:\/\/emporiosuplementospoa.com.br\/index.php?rest_route=\/wp\/v2\/product"}],"about":[{"href":"https:\/\/emporiosuplementospoa.com.br\/index.php?rest_route=\/wp\/v2\/types\/product"}],"wp:featuredmedia":[{"embeddable":true,"href":"https:\/\/emporiosuplementospoa.com.br\/index.php?rest_route=\/wp\/v2\/media\/1123"}],"wp:attachment":[{"href":"https:\/\/emporiosuplementospoa.com.br\/index.php?rest_route=%2Fwp%2Fv2%2Fmedia&parent=1122"}],"wp:term":[{"taxonomy":"product_cat","embeddable":true,"href":"https:\/\/emporiosuplementospoa.com.br\/index.php?rest_route=%2Fwp%2Fv2%2Fproduct_cat&post=1122"},{"taxonomy":"product_tag","embeddable":true,"href":"https:\/\/emporiosuplementospoa.com.br\/index.php?rest_route=%2Fwp%2Fv2%2Fproduct_tag&post=1122"}],"curies":[{"name":"wp","href":"https:\/\/api.w.org\/{rel}","templated":true}]}}