{"id":1009,"date":"2024-12-14T20:41:20","date_gmt":"2024-12-14T23:41:20","guid":{"rendered":"https:\/\/emporiosuplementospoa.com.br\/?post_type=product&#038;p=1009"},"modified":"2024-12-14T20:41:20","modified_gmt":"2024-12-14T23:41:20","slug":"power-protein-crisp-bar-44g-dark-chocolate-truffle-max-titanium","status":"publish","type":"product","link":"https:\/\/emporiosuplementospoa.com.br\/?product=power-protein-crisp-bar-44g-dark-chocolate-truffle-max-titanium","title":{"rendered":"Power Protein Crisp Bar (44g) Dark Chocolate Truffle &#8211; Max Titanium"},"content":{"rendered":"<p>A\u00a0<strong>Barra de Prote\u00edna Power Protein Crisp Max Titanium Dark Chocolate Truffle<\/strong>\u00a0\u00e9 um\u00a0snack proteico\u00a0de alta qualidade, desenvolvido para quem busca uma\u00a0<strong>alimenta\u00e7\u00e3o equilibrada<\/strong>\u00a0e rica em\u00a0<strong>prote\u00ednas<\/strong>. Combinando o sabor intenso de trufa de chocolate amargo com prote\u00ednas do leite e da soja, esta barra \u00e9 ideal para ser consumida como lanche entre as refei\u00e7\u00f5es, bem como no pr\u00e9-treino ou p\u00f3s-treino, auxiliando na recupera\u00e7\u00e3o muscular e no ganho de massa magra.<\/p>\n<p><strong>Sabor:<\/strong>\u00a0Dark Chocolate Truffle<\/p>\n<p><strong>Conte\u00fado da embalagem:<\/strong>\u00a044g<\/p>\n<p><strong>Fabricado por:<\/strong>\u00a0Max Titanium<\/p>\n<h2>Composi\u00e7\u00e3o:<\/h2>\n<p>A\u00a0<strong>Barra de Prote\u00edna Power Protein Crisp Max Titanium Dark Chocolate Truffle<\/strong>\u00a0cont\u00e9m:<\/p>\n<p><strong>Ingredientes:<\/strong>\u00a0Prote\u00ednas do leite e da soja, soro do leite, maltitol, entre outros. N\u00c3O CONT\u00c9M GL\u00daTEN.<\/p>\n<p><strong>Informa\u00e7\u00f5es nutricionais:<\/strong>\u00a0Rica em prote\u00ednas, com um equil\u00edbrio ideal de macronutrientes para auxiliar no suporte muscular e na recupera\u00e7\u00e3o ap\u00f3s treinos intensos.<\/p>\n","protected":false},"excerpt":{"rendered":"<p>A\u00a0Barra de Prote\u00edna Power Protein Crisp Max Titanium Dark Chocolate Truffle\u00a0\u00e9 um\u00a0snack proteico\u00a0de alta qualidade, desenvolvido para quem busca uma\u00a0alimenta\u00e7\u00e3o [&hellip;]<\/p>\n","protected":false},"featured_media":1010,"template":"","meta":{"site-sidebar-layout":"default","site-content-layout":"","ast-site-content-layout":"default","site-content-style":"default","site-sidebar-style":"default","ast-global-header-display":"","ast-banner-title-visibility":"","ast-main-header-display":"","ast-hfb-above-header-display":"","ast-hfb-below-header-display":"","ast-hfb-mobile-header-display":"","site-post-title":"","ast-breadcrumbs-content":"","ast-featured-img":"","footer-sml-layout":"","theme-transparent-header-meta":"default","adv-header-id-meta":"","stick-header-meta":"","header-above-stick-meta":"","header-main-stick-meta":"","header-below-stick-meta":"","astra-migrate-meta-layouts":"set","ast-page-background-enabled":"default","ast-page-background-meta":{"desktop":{"background-color":"var(--ast-global-color-4)","background-image":"","background-repeat":"repeat","background-position":"center center","background-size":"auto","background-attachment":"scroll","background-type":"","background-media":"","overlay-type":"","overlay-color":"","overlay-opacity":"","overlay-gradient":""},"tablet":{"background-color":"","background-image":"","background-repeat":"repeat","background-position":"center center","background-size":"auto","background-attachment":"scroll","background-type":"","background-media":"","overlay-type":"","overlay-color":"","overlay-opacity":"","overlay-gradient":""},"mobile":{"background-color":"","background-image":"","background-repeat":"repeat","background-position":"center center","background-size":"auto","background-attachment":"scroll","background-type":"","background-media":"","overlay-type":"","overlay-color":"","overlay-opacity":"","overlay-gradient":""}},"ast-content-background-meta":{"desktop":{"background-color":"var(--ast-global-color-5)","background-image":"","background-repeat":"repeat","background-position":"center center","background-size":"auto","background-attachment":"scroll","background-type":"","background-media":"","overlay-type":"","overlay-color":"","overlay-opacity":"","overlay-gradient":""},"tablet":{"background-color":"var(--ast-global-color-5)","background-image":"","background-repeat":"repeat","background-position":"center center","background-size":"auto","background-attachment":"scroll","background-type":"","background-media":"","overlay-type":"","overlay-color":"","overlay-opacity":"","overlay-gradient":""},"mobile":{"background-color":"var(--ast-global-color-5)","background-image":"","background-repeat":"repeat","background-position":"center center","background-size":"auto","background-attachment":"scroll","background-type":"","background-media":"","overlay-type":"","overlay-color":"","overlay-opacity":"","overlay-gradient":""}},"_joinchat":[]},"product_cat":[102],"product_tag":[],"class_list":{"0":"post-1009","1":"product","2":"type-product","3":"status-publish","4":"has-post-thumbnail","6":"product_cat-barra-de-proteina","7":"desktop-align-left","8":"tablet-align-left","9":"mobile-align-left","11":"first","12":"instock","13":"shipping-taxable","14":"purchasable","15":"product-type-simple"},"_links":{"self":[{"href":"https:\/\/emporiosuplementospoa.com.br\/index.php?rest_route=\/wp\/v2\/product\/1009","targetHints":{"allow":["GET"]}}],"collection":[{"href":"https:\/\/emporiosuplementospoa.com.br\/index.php?rest_route=\/wp\/v2\/product"}],"about":[{"href":"https:\/\/emporiosuplementospoa.com.br\/index.php?rest_route=\/wp\/v2\/types\/product"}],"wp:featuredmedia":[{"embeddable":true,"href":"https:\/\/emporiosuplementospoa.com.br\/index.php?rest_route=\/wp\/v2\/media\/1010"}],"wp:attachment":[{"href":"https:\/\/emporiosuplementospoa.com.br\/index.php?rest_route=%2Fwp%2Fv2%2Fmedia&parent=1009"}],"wp:term":[{"taxonomy":"product_cat","embeddable":true,"href":"https:\/\/emporiosuplementospoa.com.br\/index.php?rest_route=%2Fwp%2Fv2%2Fproduct_cat&post=1009"},{"taxonomy":"product_tag","embeddable":true,"href":"https:\/\/emporiosuplementospoa.com.br\/index.php?rest_route=%2Fwp%2Fv2%2Fproduct_tag&post=1009"}],"curies":[{"name":"wp","href":"https:\/\/api.w.org\/{rel}","templated":true}]}}